{"id":110,"date":"2024-12-14T10:29:03","date_gmt":"2024-12-14T10:29:03","guid":{"rendered":"https:\/\/geerwork.com\/?page_id=110"},"modified":"2024-12-27T03:04:49","modified_gmt":"2024-12-27T03:04:49","slug":"over","status":"publish","type":"page","link":"https:\/\/geerwork.com\/nl\/over\/","title":{"rendered":"Over"},"content":{"rendered":"<div data-elementor-type=\"wp-page\" data-elementor-id=\"110\" class=\"elementor elementor-110\" data-elementor-post-type=\"page\">\n\t\t\t\t\t\t<section class=\"elementor-section elementor-top-section elementor-element elementor-element-0e850e1 elementor-section-full_width elementor-section-height-min-height elementor-section-height-default elementor-section-items-middle\" data-id=\"0e850e1\" data-element_type=\"section\" data-e-type=\"section\" data-settings=\"{&quot;background_background&quot;:&quot;classic&quot;}\">\n\t\t\t\t\t\t\t<div class=\"elementor-background-overlay\"><\/div>\n\t\t\t\t\t\t\t<div class=\"elementor-container elementor-column-gap-default\">\n\t\t\t\t\t<div class=\"elementor-column elementor-col-100 elementor-top-column elementor-element elementor-element-56aff09\" data-id=\"56aff09\" data-element_type=\"column\" data-e-type=\"column\">\n\t\t\t<div class=\"elementor-widget-wrap elementor-element-populated\">\n\t\t\t\t\t\t<section class=\"elementor-section elementor-inner-section elementor-element elementor-element-5b7e5c0 elementor-section-boxed elementor-section-height-default elementor-section-height-default\" data-id=\"5b7e5c0\" data-element_type=\"section\" data-e-type=\"section\" data-settings=\"{&quot;background_background&quot;:&quot;classic&quot;}\">\n\t\t\t\t\t\t<div class=\"elementor-container elementor-column-gap-no\">\n\t\t\t\t\t<div class=\"elementor-column elementor-col-33 elementor-inner-column elementor-element elementor-element-e5b301d\" data-id=\"e5b301d\" data-element_type=\"column\" data-e-type=\"column\">\n\t\t\t<div class=\"elementor-widget-wrap\">\n\t\t\t\t\t\t\t<\/div>\n\t\t<\/div>\n\t\t\t\t<div class=\"elementor-column elementor-col-33 elementor-inner-column elementor-element elementor-element-489be5e\" data-id=\"489be5e\" data-element_type=\"column\" data-e-type=\"column\" data-settings=\"{&quot;background_background&quot;:&quot;classic&quot;}\">\n\t\t\t<div class=\"elementor-widget-wrap elementor-element-populated\">\n\t\t\t\t\t\t<div class=\"elementor-element elementor-element-839d2c5 elementor-invisible elementor-widget elementor-widget-heading\" data-id=\"839d2c5\" data-element_type=\"widget\" data-e-type=\"widget\" data-settings=\"{&quot;_animation&quot;:&quot;fadeInDown&quot;}\" data-widget_type=\"heading.default\">\n\t\t\t\t<div class=\"elementor-widget-container\">\n\t\t\t\t\t<h2 class=\"elementor-heading-title elementor-size-default\">Over <span style=\"color:#F2C014\"> Geerwerk <\/span> <\/h2>\t\t\t\t<\/div>\n\t\t\t\t<\/div>\n\t\t\t\t\t<\/div>\n\t\t<\/div>\n\t\t\t\t<div class=\"elementor-column elementor-col-33 elementor-inner-column elementor-element elementor-element-4103ee9\" data-id=\"4103ee9\" data-element_type=\"column\" data-e-type=\"column\">\n\t\t\t<div class=\"elementor-widget-wrap\">\n\t\t\t\t\t\t\t<\/div>\n\t\t<\/div>\n\t\t\t\t\t<\/div>\n\t\t<\/section>\n\t\t\t\t\t<\/div>\n\t\t<\/div>\n\t\t\t\t\t<\/div>\n\t\t<\/section>\n\t\t\t\t<section class=\"elementor-section elementor-top-section elementor-element elementor-element-d6d77da elementor-reverse-mobile elementor-section-boxed elementor-section-height-default elementor-section-height-default\" data-id=\"d6d77da\" data-element_type=\"section\" data-e-type=\"section\" data-settings=\"{&quot;background_background&quot;:&quot;classic&quot;}\">\n\t\t\t\t\t\t<div class=\"elementor-container elementor-column-gap-default\">\n\t\t\t\t\t<div class=\"elementor-column elementor-col-50 elementor-top-column elementor-element elementor-element-c363545\" data-id=\"c363545\" data-element_type=\"column\" data-e-type=\"column\">\n\t\t\t<div class=\"elementor-widget-wrap elementor-element-populated\">\n\t\t\t\t\t\t<div class=\"elementor-element elementor-element-0c4fee3 elementor-widget elementor-widget-image\" data-id=\"0c4fee3\" data-element_type=\"widget\" data-e-type=\"widget\" data-widget_type=\"image.default\">\n\t\t\t\t<div class=\"elementor-widget-container\">\n\t\t\t\t\t\t\t\t\t\t\t\t\t\t\t<img fetchpriority=\"high\" decoding=\"async\" width=\"768\" height=\"768\" src=\"https:\/\/geerwork.com\/wp-content\/uploads\/2024\/12\/\u948c\u94f1\u7535\u6781-01.jpg\" class=\"attachment-medium_large size-medium_large wp-image-52\" alt=\"\" \/>\t\t\t\t\t\t\t\t\t\t\t\t\t\t\t<\/div>\n\t\t\t\t<\/div>\n\t\t\t\t<div class=\"elementor-element elementor-element-eba10a4 elementor-widget elementor-widget-image\" data-id=\"eba10a4\" data-element_type=\"widget\" data-e-type=\"widget\" data-widget_type=\"image.default\">\n\t\t\t\t<div class=\"elementor-widget-container\">\n\t\t\t\t\t\t\t\t\t\t\t\t\t\t\t<img decoding=\"async\" width=\"495\" height=\"400\" src=\"https:\/\/geerwork.com\/wp-content\/uploads\/2024\/12\/Ruthenium-Iridium-Coated-Titanium-Electrode-Assembly-495x400-1.jpg\" class=\"attachment-large size-large wp-image-53\" alt=\"\" \/>\t\t\t\t\t\t\t\t\t\t\t\t\t\t\t<\/div>\n\t\t\t\t<\/div>\n\t\t\t\t\t<\/div>\n\t\t<\/div>\n\t\t\t\t<div class=\"elementor-column elementor-col-50 elementor-top-column elementor-element elementor-element-3c9181b\" data-id=\"3c9181b\" data-element_type=\"column\" data-e-type=\"column\">\n\t\t\t<div class=\"elementor-widget-wrap elementor-element-populated\">\n\t\t\t\t\t\t<div class=\"elementor-element elementor-element-33de8bc elementor-widget elementor-widget-heading\" data-id=\"33de8bc\" data-element_type=\"widget\" data-e-type=\"widget\" data-widget_type=\"heading.default\">\n\t\t\t\t<div class=\"elementor-widget-container\">\n\t\t\t\t\t<h2 class=\"elementor-heading-title elementor-size-default\">Over ons<\/h2>\t\t\t\t<\/div>\n\t\t\t\t<\/div>\n\t\t\t\t<div class=\"elementor-element elementor-element-03e3141 elementor-widget elementor-widget-heading\" data-id=\"03e3141\" data-element_type=\"widget\" data-e-type=\"widget\" data-widget_type=\"heading.default\">\n\t\t\t\t<div class=\"elementor-widget-container\">\n\t\t\t\t\t<h2 class=\"elementor-heading-title elementor-size-default\"><span style=\"color:#F2C014\"> Elektrochemisch <\/span> Industrie\n\n<\/h2>\t\t\t\t<\/div>\n\t\t\t\t<\/div>\n\t\t\t\t<div class=\"elementor-element elementor-element-773c648 elementor-widget-divider--view-line elementor-widget elementor-widget-divider\" data-id=\"773c648\" data-element_type=\"widget\" data-e-type=\"widget\" data-widget_type=\"divider.default\">\n\t\t\t\t<div class=\"elementor-widget-container\">\n\t\t\t\t\t\t\t<div class=\"elementor-divider\">\n\t\t\t<span class=\"elementor-divider-separator\">\n\t\t\t\t\t\t<\/span>\n\t\t<\/div>\n\t\t\t\t\t\t<\/div>\n\t\t\t\t<\/div>\n\t\t\t\t<div class=\"elementor-element elementor-element-830c6a3 elementor-widget elementor-widget-heading\" data-id=\"830c6a3\" data-element_type=\"widget\" data-e-type=\"widget\" data-widget_type=\"heading.default\">\n\t\t\t\t<div class=\"elementor-widget-container\">\n\t\t\t\t\t<h2 class=\"elementor-heading-title elementor-size-default\">Wij zijn de toonaangevende leverancier van China<\/h2>\t\t\t\t<\/div>\n\t\t\t\t<\/div>\n\t\t\t\t<div class=\"elementor-element elementor-element-ae4f85b elementor-widget elementor-widget-heading\" data-id=\"ae4f85b\" data-element_type=\"widget\" data-e-type=\"widget\" data-widget_type=\"heading.default\">\n\t\t\t\t<div class=\"elementor-widget-container\">\n\t\t\t\t\t<p class=\"elementor-heading-title elementor-size-default\">GEERWORK METAL MATERIALS is een titanium elektrode leverancier, worden de producten op grote schaal gebruikt in de chemische industrie, metallurgie, petroleum, textiel geneeskunde, milieubescherming, sport, marine en andere gebieden, enz.\n\n<br><br>\n\nDe belangrijkste producten zijn titanium-gebaseerde ruthenium series, iridium series, platina series en andere titanium anoden. Na meer dan 20 jaar ontwikkeling heeft het bedrijf een rijke ervaring opgebouwd in de productie van titaniumanoden en beschikt het over de nieuwste productietechnologie. De titaniumanoden die met deze technologie worden geproduceerd, hebben een sterkere metaalbinding, kunnen een hogere stroomdichtheid aan en verbeteren de stroomeffici\u00ebntie.<\/p>\t\t\t\t<\/div>\n\t\t\t\t<\/div>\n\t\t\t\t\t<\/div>\n\t\t<\/div>\n\t\t\t\t\t<\/div>\n\t\t<\/section>\n\t\t\t\t<section class=\"elementor-section elementor-top-section elementor-element elementor-element-63090ab elementor-section-boxed elementor-section-height-default elementor-section-height-default\" data-id=\"63090ab\" data-element_type=\"section\" data-e-type=\"section\">\n\t\t\t\t\t\t<div class=\"elementor-container elementor-column-gap-default\">\n\t\t\t\t\t<div class=\"elementor-column elementor-col-100 elementor-top-column elementor-element elementor-element-4e69222\" data-id=\"4e69222\" data-element_type=\"column\" data-e-type=\"column\">\n\t\t\t<div class=\"elementor-widget-wrap elementor-element-populated\">\n\t\t\t\t\t\t<div class=\"elementor-element elementor-element-d5deda8 elementor-widget elementor-widget-heading\" data-id=\"d5deda8\" data-element_type=\"widget\" data-e-type=\"widget\" data-widget_type=\"heading.default\">\n\t\t\t\t<div class=\"elementor-widget-container\">\n\t\t\t\t\t<p class=\"elementor-heading-title elementor-size-default\">Als toonaangevende leverancier van titanium elektroden heeft Geerwork de afgelopen vijf jaar een snelle groei in de markt doorgemaakt. Als een ISO9001 gecertificeerde en door de overheid benoemde \"high-tech onderneming\", blijven we investeren in onderzoek en ontwikkeling van titanium elektrode producten op het gebied van waterbehandeling.\nMomenteel worden onze producten verkocht aan de Verenigde Staten, Groot-Brittanni\u00eb, Duitsland, Australi\u00eb, Zuid-Afrika, Spanje, Brazili\u00eb, Mexico, Thailand, Maleisi\u00eb en andere meer dan 50 landen en regio's. \n\n<br><br>\n\nWij geloven dat alleen een hoge mate van oprechte toewijding, evenals de niet aflatende streven naar hoogwaardige producten, te bereiken en te voldoen aan de kwaliteit en eisen van de klant. Met een strikt kwaliteitsborgingssysteem, hebben onze producten significante tekorten van minder dan 0.1%. Tot nu toe kunnen onze producten worden gecertificeerd door NSF, Rohs.\" \"Cre\u00eber waarde, toon oneindigheid\", Geerwork zal zich blijven richten op het titanium elektrode gebied, voortbouwen op prestaties uit het verleden, en streven naar een eersteklas leverancier van titanium elektroden te worden.\n\n<br><br>\n\nWe kunnen duizenden afzonderlijke producten leveren. Het is deze breedte en verscheidenheid aan producten die ons tot een van 's werelds grootste leveranciers van technische materialen maakt.<\/p>\t\t\t\t<\/div>\n\t\t\t\t<\/div>\n\t\t\t\t\t<\/div>\n\t\t<\/div>\n\t\t\t\t\t<\/div>\n\t\t<\/section>\n\t\t\t\t<section class=\"elementor-section elementor-top-section elementor-element elementor-element-4386f5d elementor-section-boxed elementor-section-height-default elementor-section-height-default\" data-id=\"4386f5d\" data-element_type=\"section\" data-e-type=\"section\" data-settings=\"{&quot;background_background&quot;:&quot;classic&quot;}\">\n\t\t\t\t\t\t<div class=\"elementor-container elementor-column-gap-default\">\n\t\t\t\t\t<div class=\"elementor-column elementor-col-100 elementor-top-column elementor-element elementor-element-95b0e3b\" data-id=\"95b0e3b\" data-element_type=\"column\" data-e-type=\"column\">\n\t\t\t<div class=\"elementor-widget-wrap elementor-element-populated\">\n\t\t\t\t\t\t<div class=\"elementor-element elementor-element-9dcfda9 elementor-widget elementor-widget-heading\" data-id=\"9dcfda9\" data-element_type=\"widget\" data-e-type=\"widget\" data-widget_type=\"heading.default\">\n\t\t\t\t<div class=\"elementor-widget-container\">\n\t\t\t\t\t<h2 class=\"elementor-heading-title elementor-size-default\">Onze kern  <span style=\"color:#F2C014\"> Competenties <\/span>\n\n<\/h2>\t\t\t\t<\/div>\n\t\t\t\t<\/div>\n\t\t\t\t<div class=\"elementor-element elementor-element-169e703 elementor-widget-divider--view-line elementor-widget elementor-widget-divider\" data-id=\"169e703\" data-element_type=\"widget\" data-e-type=\"widget\" data-widget_type=\"divider.default\">\n\t\t\t\t<div class=\"elementor-widget-container\">\n\t\t\t\t\t\t\t<div class=\"elementor-divider\">\n\t\t\t<span class=\"elementor-divider-separator\">\n\t\t\t\t\t\t<\/span>\n\t\t<\/div>\n\t\t\t\t\t\t<\/div>\n\t\t\t\t<\/div>\n\t\t\t\t<section class=\"elementor-section elementor-inner-section elementor-element elementor-element-82c48a1 elementor-section-boxed elementor-section-height-default elementor-section-height-default\" data-id=\"82c48a1\" data-element_type=\"section\" data-e-type=\"section\">\n\t\t\t\t\t\t<div class=\"elementor-container elementor-column-gap-default\">\n\t\t\t\t\t<div class=\"elementor-column elementor-col-33 elementor-inner-column elementor-element elementor-element-49f981b\" data-id=\"49f981b\" data-element_type=\"column\" data-e-type=\"column\">\n\t\t\t<div class=\"elementor-widget-wrap elementor-element-populated\">\n\t\t\t\t\t\t<div class=\"elementor-element elementor-element-006021f elementor-widget elementor-widget-image-box\" data-id=\"006021f\" data-element_type=\"widget\" data-e-type=\"widget\" data-widget_type=\"image-box.default\">\n\t\t\t\t<div class=\"elementor-widget-container\">\n\t\t\t\t\t<div class=\"elementor-image-box-wrapper\"><div class=\"elementor-image-box-content\"><h3 class=\"elementor-image-box-title\">De meeste <span style=\"color:#F2C014\">Concurrerende prijzen<\/span><\/h3><p class=\"elementor-image-box-description\">Bij GeerWork krijg je je gewenste producten tegen de scherpste prijzen. We hebben perfecte SCM (Supply Chain Management) en LP (Lean Production) systemen opgezet om de kosten te verlagen. We streven altijd naar massaproductie met een hoog rendement en wetenschappelijk management. Daarom kunnen we je de hoogste productkwaliteit garanderen tegen de laagste prijzen.<\/p><\/div><\/div>\t\t\t\t<\/div>\n\t\t\t\t<\/div>\n\t\t\t\t\t<\/div>\n\t\t<\/div>\n\t\t\t\t<div class=\"elementor-column elementor-col-33 elementor-inner-column elementor-element elementor-element-cb0e132\" data-id=\"cb0e132\" data-element_type=\"column\" data-e-type=\"column\">\n\t\t\t<div class=\"elementor-widget-wrap elementor-element-populated\">\n\t\t\t\t\t\t<div class=\"elementor-element elementor-element-106683b elementor-widget elementor-widget-image-box\" data-id=\"106683b\" data-element_type=\"widget\" data-e-type=\"widget\" data-widget_type=\"image-box.default\">\n\t\t\t\t<div class=\"elementor-widget-container\">\n\t\t\t\t\t<div class=\"elementor-image-box-wrapper\"><div class=\"elementor-image-box-content\"><h3 class=\"elementor-image-box-title\"><span style=\"color:#F2C014\">Productie<\/span> Lijn<\/h3><p class=\"elementor-image-box-description\">GeerWork is uitgerust met een complete set productie- en verwerkingsfaciliteiten: Productieapparatuur zoals machines voor koud isostatisch persen (CIP), machines voor heet isostatisch persen (HIP), vacu\u00fcminductiesmeltovens, vacu\u00fcmsinterovens, vacu\u00fcmdestillatieovens, vacu\u00fcmhete persovens, sinterovens voor hoge temperaturen en andere ovens voor de productie van metaalsoorten. Koude vormmachines, vacu\u00fcm onbewerkt materiaal, draaibanken, slijpmachines, draadsnijmachine en andere apparatuur voor het vormen en bewerken van materialen.<\/p><\/div><\/div>\t\t\t\t<\/div>\n\t\t\t\t<\/div>\n\t\t\t\t\t<\/div>\n\t\t<\/div>\n\t\t\t\t<div class=\"elementor-column elementor-col-33 elementor-inner-column elementor-element elementor-element-04fca26\" data-id=\"04fca26\" data-element_type=\"column\" data-e-type=\"column\">\n\t\t\t<div class=\"elementor-widget-wrap elementor-element-populated\">\n\t\t\t\t\t\t<div class=\"elementor-element elementor-element-fe1cea4 elementor-widget elementor-widget-image-box\" data-id=\"fe1cea4\" data-element_type=\"widget\" data-e-type=\"widget\" data-widget_type=\"image-box.default\">\n\t\t\t\t<div class=\"elementor-widget-container\">\n\t\t\t\t\t<div class=\"elementor-image-box-wrapper\"><div class=\"elementor-image-box-content\"><h3 class=\"elementor-image-box-title\"><span style=\"color:#F2C014\">Kwaliteit <\/span>Controle <\/h3><p class=\"elementor-image-box-description\">Wij voeren een strikt kwaliteitscontrolesysteem uit en passen verschillende instrumenten en methodes toe tijdens het productieproces, met inbegrip van chemische elementeninspectieapparaten, Mechanisch het Testen materiaal, hand ultrasoon ontdekkend instrument\/de machine van de hydrodruktest\/boorwerkingsfaciliteiten\/de machine van de wervelstroomtest\/hardheidstest\/afmeting en anderen, die ervoor kunnen zorgen dat elke stap perfect is uitgevoerd.\nGeerWork levert producten in overeenstemming met ASTM, ASME, MIL, AMS, DMS, AWS en JIS specificaties.<\/p><\/div><\/div>\t\t\t\t<\/div>\n\t\t\t\t<\/div>\n\t\t\t\t\t<\/div>\n\t\t<\/div>\n\t\t\t\t\t<\/div>\n\t\t<\/section>\n\t\t\t\t\t<\/div>\n\t\t<\/div>\n\t\t\t\t\t<\/div>\n\t\t<\/section>\n\t\t\t\t<\/div>","protected":false},"excerpt":{"rendered":"<p>About Geerwork About Us Electrochemical Industry We are the China\u2019s leading supplier GEERWORK METAL MATERIALS is a titanium electrode supplier, [&hellip;]<\/p>\n","protected":false},"author":1,"featured_media":0,"parent":0,"menu_order":0,"comment_status":"closed","ping_status":"closed","template":"","meta":{"_monsterinsights_skip_tracking":false,"_monsterinsights_sitenote_active":false,"_monsterinsights_sitenote_note":"","_monsterinsights_sitenote_category":0,"site-sidebar-layout":"no-sidebar","site-content-layout":"","ast-site-content-layout":"full-width-container","site-content-style":"default","site-sidebar-style":"default","ast-global-header-display":"","ast-banner-title-visibility":"","ast-main-header-display":"","ast-hfb-above-header-display":"","ast-hfb-below-header-display":"","ast-hfb-mobile-header-display":"","site-post-title":"disabled","ast-breadcrumbs-content":"","ast-featured-img":"disabled","footer-sml-layout":"","theme-transparent-header-meta":"","adv-header-id-meta":"","stick-header-meta":"","header-above-stick-meta":"","header-main-stick-meta":"","header-below-stick-meta":"","astra-migrate-meta-layouts":"default","ast-page-background-enabled":"default","ast-page-background-meta":{"desktop":{"background-color":"var(--ast-global-color-4)","background-image":"","background-repeat":"repeat","background-position":"center center","background-size":"auto","background-attachment":"scroll","background-type":"","background-media":"","overlay-type":"","overlay-color":"","overlay-opacity":"","overlay-gradient":""},"tablet":{"background-color":"","background-image":"","background-repeat":"repeat","background-position":"center center","background-size":"auto","background-attachment":"scroll","background-type":"","background-media":"","overlay-type":"","overlay-color":"","overlay-opacity":"","overlay-gradient":""},"mobile":{"background-color":"","background-image":"","background-repeat":"repeat","background-position":"center center","background-size":"auto","background-attachment":"scroll","background-type":"","background-media":"","overlay-type":"","overlay-color":"","overlay-opacity":"","overlay-gradient":""}},"ast-content-background-meta":{"desktop":{"background-color":"var(--ast-global-color-5)","background-image":"","background-repeat":"repeat","background-position":"center center","background-size":"auto","background-attachment":"scroll","background-type":"","background-media":"","overlay-type":"","overlay-color":"","overlay-opacity":"","overlay-gradient":""},"tablet":{"background-color":"var(--ast-global-color-5)","background-image":"","background-repeat":"repeat","background-position":"center center","background-size":"auto","background-attachment":"scroll","background-type":"","background-media":"","overlay-type":"","overlay-color":"","overlay-opacity":"","overlay-gradient":""},"mobile":{"background-color":"var(--ast-global-color-5)","background-image":"","background-repeat":"repeat","background-position":"center center","background-size":"auto","background-attachment":"scroll","background-type":"","background-media":"","overlay-type":"","overlay-color":"","overlay-opacity":"","overlay-gradient":""}},"footnotes":""},"class_list":["post-110","page","type-page","status-publish","hentry"],"_links":{"self":[{"href":"https:\/\/geerwork.com\/nl\/wp-json\/wp\/v2\/pages\/110","targetHints":{"allow":["GET"]}}],"collection":[{"href":"https:\/\/geerwork.com\/nl\/wp-json\/wp\/v2\/pages"}],"about":[{"href":"https:\/\/geerwork.com\/nl\/wp-json\/wp\/v2\/types\/page"}],"author":[{"embeddable":true,"href":"https:\/\/geerwork.com\/nl\/wp-json\/wp\/v2\/users\/1"}],"replies":[{"embeddable":true,"href":"https:\/\/geerwork.com\/nl\/wp-json\/wp\/v2\/comments?post=110"}],"version-history":[{"count":26,"href":"https:\/\/geerwork.com\/nl\/wp-json\/wp\/v2\/pages\/110\/revisions"}],"predecessor-version":[{"id":1178,"href":"https:\/\/geerwork.com\/nl\/wp-json\/wp\/v2\/pages\/110\/revisions\/1178"}],"wp:attachment":[{"href":"https:\/\/geerwork.com\/nl\/wp-json\/wp\/v2\/media?parent=110"}],"curies":[{"name":"wp","href":"https:\/\/api.w.org\/{rel}","templated":true}]}}