{"id":110,"date":"2024-12-14T10:29:03","date_gmt":"2024-12-14T10:29:03","guid":{"rendered":"https:\/\/geerwork.com\/?page_id=110"},"modified":"2024-12-27T03:04:49","modified_gmt":"2024-12-27T03:04:49","slug":"circa","status":"publish","type":"page","link":"https:\/\/geerwork.com\/it\/circa\/","title":{"rendered":"Circa"},"content":{"rendered":"<div data-elementor-type=\"wp-page\" data-elementor-id=\"110\" class=\"elementor elementor-110\" data-elementor-post-type=\"page\">\n\t\t\t\t\t\t<section class=\"elementor-section elementor-top-section elementor-element elementor-element-0e850e1 elementor-section-full_width elementor-section-height-min-height elementor-section-height-default elementor-section-items-middle\" data-id=\"0e850e1\" data-element_type=\"section\" data-e-type=\"section\" data-settings=\"{&quot;background_background&quot;:&quot;classic&quot;}\">\n\t\t\t\t\t\t\t<div class=\"elementor-background-overlay\"><\/div>\n\t\t\t\t\t\t\t<div class=\"elementor-container elementor-column-gap-default\">\n\t\t\t\t\t<div class=\"elementor-column elementor-col-100 elementor-top-column elementor-element elementor-element-56aff09\" data-id=\"56aff09\" data-element_type=\"column\" data-e-type=\"column\">\n\t\t\t<div class=\"elementor-widget-wrap elementor-element-populated\">\n\t\t\t\t\t\t<section class=\"elementor-section elementor-inner-section elementor-element elementor-element-5b7e5c0 elementor-section-boxed elementor-section-height-default elementor-section-height-default\" data-id=\"5b7e5c0\" data-element_type=\"section\" data-e-type=\"section\" data-settings=\"{&quot;background_background&quot;:&quot;classic&quot;}\">\n\t\t\t\t\t\t<div class=\"elementor-container elementor-column-gap-no\">\n\t\t\t\t\t<div class=\"elementor-column elementor-col-33 elementor-inner-column elementor-element elementor-element-e5b301d\" data-id=\"e5b301d\" data-element_type=\"column\" data-e-type=\"column\">\n\t\t\t<div class=\"elementor-widget-wrap\">\n\t\t\t\t\t\t\t<\/div>\n\t\t<\/div>\n\t\t\t\t<div class=\"elementor-column elementor-col-33 elementor-inner-column elementor-element elementor-element-489be5e\" data-id=\"489be5e\" data-element_type=\"column\" data-e-type=\"column\" data-settings=\"{&quot;background_background&quot;:&quot;classic&quot;}\">\n\t\t\t<div class=\"elementor-widget-wrap elementor-element-populated\">\n\t\t\t\t\t\t<div class=\"elementor-element elementor-element-839d2c5 elementor-invisible elementor-widget elementor-widget-heading\" data-id=\"839d2c5\" data-element_type=\"widget\" data-e-type=\"widget\" data-settings=\"{&quot;_animation&quot;:&quot;fadeInDown&quot;}\" data-widget_type=\"heading.default\">\n\t\t\t\t<div class=\"elementor-widget-container\">\n\t\t\t\t\t<h2 class=\"elementor-heading-title elementor-size-default\">Circa <span style=\"color:#F2C014\"> Geerwork <\/span> <\/h2>\t\t\t\t<\/div>\n\t\t\t\t<\/div>\n\t\t\t\t\t<\/div>\n\t\t<\/div>\n\t\t\t\t<div class=\"elementor-column elementor-col-33 elementor-inner-column elementor-element elementor-element-4103ee9\" data-id=\"4103ee9\" data-element_type=\"column\" data-e-type=\"column\">\n\t\t\t<div class=\"elementor-widget-wrap\">\n\t\t\t\t\t\t\t<\/div>\n\t\t<\/div>\n\t\t\t\t\t<\/div>\n\t\t<\/section>\n\t\t\t\t\t<\/div>\n\t\t<\/div>\n\t\t\t\t\t<\/div>\n\t\t<\/section>\n\t\t\t\t<section class=\"elementor-section elementor-top-section elementor-element elementor-element-d6d77da elementor-reverse-mobile elementor-section-boxed elementor-section-height-default elementor-section-height-default\" data-id=\"d6d77da\" data-element_type=\"section\" data-e-type=\"section\" data-settings=\"{&quot;background_background&quot;:&quot;classic&quot;}\">\n\t\t\t\t\t\t<div class=\"elementor-container elementor-column-gap-default\">\n\t\t\t\t\t<div class=\"elementor-column elementor-col-50 elementor-top-column elementor-element elementor-element-c363545\" data-id=\"c363545\" data-element_type=\"column\" data-e-type=\"column\">\n\t\t\t<div class=\"elementor-widget-wrap elementor-element-populated\">\n\t\t\t\t\t\t<div class=\"elementor-element elementor-element-0c4fee3 elementor-widget elementor-widget-image\" data-id=\"0c4fee3\" data-element_type=\"widget\" data-e-type=\"widget\" data-widget_type=\"image.default\">\n\t\t\t\t<div class=\"elementor-widget-container\">\n\t\t\t\t\t\t\t\t\t\t\t\t\t\t\t<img fetchpriority=\"high\" decoding=\"async\" width=\"768\" height=\"768\" src=\"https:\/\/geerwork.com\/wp-content\/uploads\/2024\/12\/\u948c\u94f1\u7535\u6781-01.jpg\" class=\"attachment-medium_large size-medium_large wp-image-52\" alt=\"\" \/>\t\t\t\t\t\t\t\t\t\t\t\t\t\t\t<\/div>\n\t\t\t\t<\/div>\n\t\t\t\t<div class=\"elementor-element elementor-element-eba10a4 elementor-widget elementor-widget-image\" data-id=\"eba10a4\" data-element_type=\"widget\" data-e-type=\"widget\" data-widget_type=\"image.default\">\n\t\t\t\t<div class=\"elementor-widget-container\">\n\t\t\t\t\t\t\t\t\t\t\t\t\t\t\t<img decoding=\"async\" width=\"495\" height=\"400\" src=\"https:\/\/geerwork.com\/wp-content\/uploads\/2024\/12\/Ruthenium-Iridium-Coated-Titanium-Electrode-Assembly-495x400-1.jpg\" class=\"attachment-large size-large wp-image-53\" alt=\"\" \/>\t\t\t\t\t\t\t\t\t\t\t\t\t\t\t<\/div>\n\t\t\t\t<\/div>\n\t\t\t\t\t<\/div>\n\t\t<\/div>\n\t\t\t\t<div class=\"elementor-column elementor-col-50 elementor-top-column elementor-element elementor-element-3c9181b\" data-id=\"3c9181b\" data-element_type=\"column\" data-e-type=\"column\">\n\t\t\t<div class=\"elementor-widget-wrap elementor-element-populated\">\n\t\t\t\t\t\t<div class=\"elementor-element elementor-element-33de8bc elementor-widget elementor-widget-heading\" data-id=\"33de8bc\" data-element_type=\"widget\" data-e-type=\"widget\" data-widget_type=\"heading.default\">\n\t\t\t\t<div class=\"elementor-widget-container\">\n\t\t\t\t\t<h2 class=\"elementor-heading-title elementor-size-default\">Chi siamo<\/h2>\t\t\t\t<\/div>\n\t\t\t\t<\/div>\n\t\t\t\t<div class=\"elementor-element elementor-element-03e3141 elementor-widget elementor-widget-heading\" data-id=\"03e3141\" data-element_type=\"widget\" data-e-type=\"widget\" data-widget_type=\"heading.default\">\n\t\t\t\t<div class=\"elementor-widget-container\">\n\t\t\t\t\t<h2 class=\"elementor-heading-title elementor-size-default\"><span style=\"color:#F2C014\"> Elettrochimica <\/span> Industria\n\n<\/h2>\t\t\t\t<\/div>\n\t\t\t\t<\/div>\n\t\t\t\t<div class=\"elementor-element elementor-element-773c648 elementor-widget-divider--view-line elementor-widget elementor-widget-divider\" data-id=\"773c648\" data-element_type=\"widget\" data-e-type=\"widget\" data-widget_type=\"divider.default\">\n\t\t\t\t<div class=\"elementor-widget-container\">\n\t\t\t\t\t\t\t<div class=\"elementor-divider\">\n\t\t\t<span class=\"elementor-divider-separator\">\n\t\t\t\t\t\t<\/span>\n\t\t<\/div>\n\t\t\t\t\t\t<\/div>\n\t\t\t\t<\/div>\n\t\t\t\t<div class=\"elementor-element elementor-element-830c6a3 elementor-widget elementor-widget-heading\" data-id=\"830c6a3\" data-element_type=\"widget\" data-e-type=\"widget\" data-widget_type=\"heading.default\">\n\t\t\t\t<div class=\"elementor-widget-container\">\n\t\t\t\t\t<h2 class=\"elementor-heading-title elementor-size-default\">Siamo il fornitore leader in Cina<\/h2>\t\t\t\t<\/div>\n\t\t\t\t<\/div>\n\t\t\t\t<div class=\"elementor-element elementor-element-ae4f85b elementor-widget elementor-widget-heading\" data-id=\"ae4f85b\" data-element_type=\"widget\" data-e-type=\"widget\" data-widget_type=\"heading.default\">\n\t\t\t\t<div class=\"elementor-widget-container\">\n\t\t\t\t\t<p class=\"elementor-heading-title elementor-size-default\">GEERWORK METAL MATERIALS \u00e8 un fornitore di elettrodi di titanio, i cui prodotti sono ampiamente utilizzati nell'industria chimica, nella metallurgia, nel petrolio, nella medicina tessile, nella protezione ambientale, nello sport, nella marina e in altri campi, ecc.\n\n<br><br>\n\nI prodotti principali sono la serie di rutenio a base di titanio, la serie di iridio, la serie di platino e altri anodi di titanio. Dopo oltre 20 anni di sviluppo, l'azienda ha accumulato una ricca esperienza nella produzione di anodi di titanio e dispone della pi\u00f9 recente tecnologia di produzione. Gli anodi di titanio prodotti con questa tecnologia hanno un legame metallico pi\u00f9 forte, possono trasportare una maggiore densit\u00e0 di corrente e migliorare l'efficienza di corrente.<\/p>\t\t\t\t<\/div>\n\t\t\t\t<\/div>\n\t\t\t\t\t<\/div>\n\t\t<\/div>\n\t\t\t\t\t<\/div>\n\t\t<\/section>\n\t\t\t\t<section class=\"elementor-section elementor-top-section elementor-element elementor-element-63090ab elementor-section-boxed elementor-section-height-default elementor-section-height-default\" data-id=\"63090ab\" data-element_type=\"section\" data-e-type=\"section\">\n\t\t\t\t\t\t<div class=\"elementor-container elementor-column-gap-default\">\n\t\t\t\t\t<div class=\"elementor-column elementor-col-100 elementor-top-column elementor-element elementor-element-4e69222\" data-id=\"4e69222\" data-element_type=\"column\" data-e-type=\"column\">\n\t\t\t<div class=\"elementor-widget-wrap elementor-element-populated\">\n\t\t\t\t\t\t<div class=\"elementor-element elementor-element-d5deda8 elementor-widget elementor-widget-heading\" data-id=\"d5deda8\" data-element_type=\"widget\" data-e-type=\"widget\" data-widget_type=\"heading.default\">\n\t\t\t\t<div class=\"elementor-widget-container\">\n\t\t\t\t\t<p class=\"elementor-heading-title elementor-size-default\">In qualit\u00e0 di fornitore leader di elettrodi in titanio, Geerwork ha registrato una rapida crescita sul mercato negli ultimi cinque anni. In qualit\u00e0 di \"impresa ad alta tecnologia\" certificata ISO9001 e nominata dal governo, continuiamo a investire nella ricerca e nello sviluppo di elettrodi in titanio per il trattamento delle acque.\nAttualmente, i nostri prodotti sono stati venduti negli Stati Uniti, in Gran Bretagna, Germania, Australia, Sudafrica, Spagna, Brasile, Messico, Tailandia, Malesia e in altri 50 Paesi e regioni. \n\n<br><br>\n\nCrediamo che solo un alto grado di dedizione di tutto cuore, cos\u00ec come il perseguimento incessante di prodotti ad alte prestazioni, al fine di raggiungere e soddisfare la qualit\u00e0 e le esigenze dei clienti. Con un rigoroso sistema di garanzia della qualit\u00e0, i nostri prodotti hanno difetti significativi di meno di 0,1%. Finora, i nostri prodotti possono essere certificati da NSF, Rohs\". \"Geerwork continuer\u00e0 a concentrarsi sul settore degli elettrodi di titanio, a fare tesoro dei risultati ottenuti in passato e ad impegnarsi per diventare un fornitore di elettrodi di titanio di prima classe.\n\n<br><br>\n\nSiamo in grado di fornire migliaia di prodotti singoli. Questa ampiezza e variet\u00e0 di prodotti ci rende uno dei principali fornitori di materiali ingegneristici al mondo.<\/p>\t\t\t\t<\/div>\n\t\t\t\t<\/div>\n\t\t\t\t\t<\/div>\n\t\t<\/div>\n\t\t\t\t\t<\/div>\n\t\t<\/section>\n\t\t\t\t<section class=\"elementor-section elementor-top-section elementor-element elementor-element-4386f5d elementor-section-boxed elementor-section-height-default elementor-section-height-default\" data-id=\"4386f5d\" data-element_type=\"section\" data-e-type=\"section\" data-settings=\"{&quot;background_background&quot;:&quot;classic&quot;}\">\n\t\t\t\t\t\t<div class=\"elementor-container elementor-column-gap-default\">\n\t\t\t\t\t<div class=\"elementor-column elementor-col-100 elementor-top-column elementor-element elementor-element-95b0e3b\" data-id=\"95b0e3b\" data-element_type=\"column\" data-e-type=\"column\">\n\t\t\t<div class=\"elementor-widget-wrap elementor-element-populated\">\n\t\t\t\t\t\t<div class=\"elementor-element elementor-element-9dcfda9 elementor-widget elementor-widget-heading\" data-id=\"9dcfda9\" data-element_type=\"widget\" data-e-type=\"widget\" data-widget_type=\"heading.default\">\n\t\t\t\t<div class=\"elementor-widget-container\">\n\t\t\t\t\t<h2 class=\"elementor-heading-title elementor-size-default\">Il nostro nucleo  <span style=\"color:#F2C014\"> Competenze <\/span>\n\n<\/h2>\t\t\t\t<\/div>\n\t\t\t\t<\/div>\n\t\t\t\t<div class=\"elementor-element elementor-element-169e703 elementor-widget-divider--view-line elementor-widget elementor-widget-divider\" data-id=\"169e703\" data-element_type=\"widget\" data-e-type=\"widget\" data-widget_type=\"divider.default\">\n\t\t\t\t<div class=\"elementor-widget-container\">\n\t\t\t\t\t\t\t<div class=\"elementor-divider\">\n\t\t\t<span class=\"elementor-divider-separator\">\n\t\t\t\t\t\t<\/span>\n\t\t<\/div>\n\t\t\t\t\t\t<\/div>\n\t\t\t\t<\/div>\n\t\t\t\t<section class=\"elementor-section elementor-inner-section elementor-element elementor-element-82c48a1 elementor-section-boxed elementor-section-height-default elementor-section-height-default\" data-id=\"82c48a1\" data-element_type=\"section\" data-e-type=\"section\">\n\t\t\t\t\t\t<div class=\"elementor-container elementor-column-gap-default\">\n\t\t\t\t\t<div class=\"elementor-column elementor-col-33 elementor-inner-column elementor-element elementor-element-49f981b\" data-id=\"49f981b\" data-element_type=\"column\" data-e-type=\"column\">\n\t\t\t<div class=\"elementor-widget-wrap elementor-element-populated\">\n\t\t\t\t\t\t<div class=\"elementor-element elementor-element-006021f elementor-widget elementor-widget-image-box\" data-id=\"006021f\" data-element_type=\"widget\" data-e-type=\"widget\" data-widget_type=\"image-box.default\">\n\t\t\t\t<div class=\"elementor-widget-container\">\n\t\t\t\t\t<div class=\"elementor-image-box-wrapper\"><div class=\"elementor-image-box-content\"><h3 class=\"elementor-image-box-title\">La maggior parte <span style=\"color:#F2C014\">Prezzi competitivi<\/span><\/h3><p class=\"elementor-image-box-description\">Da GeerWork potrete ottenere i prodotti desiderati ai prezzi pi\u00f9 competitivi. Abbiamo istituito sistemi perfetti di SCM (Supply Chain Management) e LP (Lean Production) per ridurre i costi. Siamo sempre alla ricerca di una produzione di massa ad alta efficienza e di una gestione scientifica. Pertanto, siamo in grado di garantirvi la massima qualit\u00e0 dei prodotti ai prezzi pi\u00f9 bassi.<\/p><\/div><\/div>\t\t\t\t<\/div>\n\t\t\t\t<\/div>\n\t\t\t\t\t<\/div>\n\t\t<\/div>\n\t\t\t\t<div class=\"elementor-column elementor-col-33 elementor-inner-column elementor-element elementor-element-cb0e132\" data-id=\"cb0e132\" data-element_type=\"column\" data-e-type=\"column\">\n\t\t\t<div class=\"elementor-widget-wrap elementor-element-populated\">\n\t\t\t\t\t\t<div class=\"elementor-element elementor-element-106683b elementor-widget elementor-widget-image-box\" data-id=\"106683b\" data-element_type=\"widget\" data-e-type=\"widget\" data-widget_type=\"image-box.default\">\n\t\t\t\t<div class=\"elementor-widget-container\">\n\t\t\t\t\t<div class=\"elementor-image-box-wrapper\"><div class=\"elementor-image-box-content\"><h3 class=\"elementor-image-box-title\"><span style=\"color:#F2C014\">Produzione<\/span> Linea<\/h3><p class=\"elementor-image-box-description\">GeerWork \u00e8 dotata di una serie completa di impianti di produzione e lavorazione: Attrezzature di produzione come macchine per la pressatura isostatica a freddo (CIP), macchine per la pressatura isostatica a caldo (HIP), forno di fusione a induzione sotto vuoto, forno di sinterizzazione sotto vuoto, forno di distillazione sotto vuoto, forno di pressatura a caldo sotto vuoto, forno di sinterizzazione ad alta temperatura e altri forni per la produzione di metalli. Macchine per lo stampaggio a freddo, attrezzature per il grezzo sottovuoto, torni, smerigliatrici, macchine per il taglio a filo e altre attrezzature per la formatura e la lavorazione dei materiali.<\/p><\/div><\/div>\t\t\t\t<\/div>\n\t\t\t\t<\/div>\n\t\t\t\t\t<\/div>\n\t\t<\/div>\n\t\t\t\t<div class=\"elementor-column elementor-col-33 elementor-inner-column elementor-element elementor-element-04fca26\" data-id=\"04fca26\" data-element_type=\"column\" data-e-type=\"column\">\n\t\t\t<div class=\"elementor-widget-wrap elementor-element-populated\">\n\t\t\t\t\t\t<div class=\"elementor-element elementor-element-fe1cea4 elementor-widget elementor-widget-image-box\" data-id=\"fe1cea4\" data-element_type=\"widget\" data-e-type=\"widget\" data-widget_type=\"image-box.default\">\n\t\t\t\t<div class=\"elementor-widget-container\">\n\t\t\t\t\t<div class=\"elementor-image-box-wrapper\"><div class=\"elementor-image-box-content\"><h3 class=\"elementor-image-box-title\"><span style=\"color:#F2C014\">Qualit\u00e0 <\/span>Controllo <\/h3><p class=\"elementor-image-box-description\">Gestiamo un rigoroso sistema di controllo della qualit\u00e0 e applichiamo diversi strumenti e metodi durante il processo di produzione, tra cui dispositivi per l'ispezione degli elementi chimici, attrezzature per test meccanici, strumenti manuali di rilevamento a ultrasuoni\/macchina per test di pressione idroelettrica\/strutture per la portata dei fori\/macchina per test a corrente indotta\/macchina per test di durezza\/misura delle dimensioni e altri, che possono garantire che ogni fase sia stata eseguita perfettamente.\nGeerWork fornisce prodotti conformi alle specifiche ASTM, ASME, MIL, AMS, DMS, AWS e JIS.<\/p><\/div><\/div>\t\t\t\t<\/div>\n\t\t\t\t<\/div>\n\t\t\t\t\t<\/div>\n\t\t<\/div>\n\t\t\t\t\t<\/div>\n\t\t<\/section>\n\t\t\t\t\t<\/div>\n\t\t<\/div>\n\t\t\t\t\t<\/div>\n\t\t<\/section>\n\t\t\t\t<\/div>","protected":false},"excerpt":{"rendered":"<p>About Geerwork About Us Electrochemical Industry We are the China\u2019s leading supplier GEERWORK METAL MATERIALS is a titanium electrode supplier, [&hellip;]<\/p>\n","protected":false},"author":1,"featured_media":0,"parent":0,"menu_order":0,"comment_status":"closed","ping_status":"closed","template":"","meta":{"_monsterinsights_skip_tracking":false,"_monsterinsights_sitenote_active":false,"_monsterinsights_sitenote_note":"","_monsterinsights_sitenote_category":0,"site-sidebar-layout":"no-sidebar","site-content-layout":"","ast-site-content-layout":"full-width-container","site-content-style":"default","site-sidebar-style":"default","ast-global-header-display":"","ast-banner-title-visibility":"","ast-main-header-display":"","ast-hfb-above-header-display":"","ast-hfb-below-header-display":"","ast-hfb-mobile-header-display":"","site-post-title":"disabled","ast-breadcrumbs-content":"","ast-featured-img":"disabled","footer-sml-layout":"","theme-transparent-header-meta":"","adv-header-id-meta":"","stick-header-meta":"","header-above-stick-meta":"","header-main-stick-meta":"","header-below-stick-meta":"","astra-migrate-meta-layouts":"default","ast-page-background-enabled":"default","ast-page-background-meta":{"desktop":{"background-color":"var(--ast-global-color-4)","background-image":"","background-repeat":"repeat","background-position":"center center","background-size":"auto","background-attachment":"scroll","background-type":"","background-media":"","overlay-type":"","overlay-color":"","overlay-opacity":"","overlay-gradient":""},"tablet":{"background-color":"","background-image":"","background-repeat":"repeat","background-position":"center center","background-size":"auto","background-attachment":"scroll","background-type":"","background-media":"","overlay-type":"","overlay-color":"","overlay-opacity":"","overlay-gradient":""},"mobile":{"background-color":"","background-image":"","background-repeat":"repeat","background-position":"center center","background-size":"auto","background-attachment":"scroll","background-type":"","background-media":"","overlay-type":"","overlay-color":"","overlay-opacity":"","overlay-gradient":""}},"ast-content-background-meta":{"desktop":{"background-color":"var(--ast-global-color-5)","background-image":"","background-repeat":"repeat","background-position":"center center","background-size":"auto","background-attachment":"scroll","background-type":"","background-media":"","overlay-type":"","overlay-color":"","overlay-opacity":"","overlay-gradient":""},"tablet":{"background-color":"var(--ast-global-color-5)","background-image":"","background-repeat":"repeat","background-position":"center center","background-size":"auto","background-attachment":"scroll","background-type":"","background-media":"","overlay-type":"","overlay-color":"","overlay-opacity":"","overlay-gradient":""},"mobile":{"background-color":"var(--ast-global-color-5)","background-image":"","background-repeat":"repeat","background-position":"center center","background-size":"auto","background-attachment":"scroll","background-type":"","background-media":"","overlay-type":"","overlay-color":"","overlay-opacity":"","overlay-gradient":""}},"footnotes":""},"class_list":["post-110","page","type-page","status-publish","hentry"],"_links":{"self":[{"href":"https:\/\/geerwork.com\/it\/wp-json\/wp\/v2\/pages\/110","targetHints":{"allow":["GET"]}}],"collection":[{"href":"https:\/\/geerwork.com\/it\/wp-json\/wp\/v2\/pages"}],"about":[{"href":"https:\/\/geerwork.com\/it\/wp-json\/wp\/v2\/types\/page"}],"author":[{"embeddable":true,"href":"https:\/\/geerwork.com\/it\/wp-json\/wp\/v2\/users\/1"}],"replies":[{"embeddable":true,"href":"https:\/\/geerwork.com\/it\/wp-json\/wp\/v2\/comments?post=110"}],"version-history":[{"count":26,"href":"https:\/\/geerwork.com\/it\/wp-json\/wp\/v2\/pages\/110\/revisions"}],"predecessor-version":[{"id":1178,"href":"https:\/\/geerwork.com\/it\/wp-json\/wp\/v2\/pages\/110\/revisions\/1178"}],"wp:attachment":[{"href":"https:\/\/geerwork.com\/it\/wp-json\/wp\/v2\/media?parent=110"}],"curies":[{"name":"wp","href":"https:\/\/api.w.org\/{rel}","templated":true}]}}