{"id":215,"date":"2024-12-16T10:37:48","date_gmt":"2024-12-16T10:37:48","guid":{"rendered":"https:\/\/geerwork.com\/?page_id=215"},"modified":"2024-12-24T09:38:25","modified_gmt":"2024-12-24T09:38:25","slug":"hydrogen-generator","status":"publish","type":"page","link":"https:\/\/geerwork.com\/fr\/hydrogen-generator\/","title":{"rendered":"G\u00e9n\u00e9rateur d'hydrog\u00e8ne"},"content":{"rendered":"<div data-elementor-type=\"wp-page\" data-elementor-id=\"215\" class=\"elementor elementor-215\" data-elementor-post-type=\"page\">\n\t\t\t\t\t\t<section class=\"elementor-section elementor-top-section elementor-element elementor-element-ae5d4d6 elementor-section-full_width elementor-section-height-min-height elementor-section-height-default elementor-section-items-middle\" data-id=\"ae5d4d6\" data-element_type=\"section\" data-e-type=\"section\" data-settings=\"{&quot;background_background&quot;:&quot;classic&quot;}\">\n\t\t\t\t\t\t\t<div class=\"elementor-background-overlay\"><\/div>\n\t\t\t\t\t\t\t<div class=\"elementor-container elementor-column-gap-default\">\n\t\t\t\t\t<div class=\"elementor-column elementor-col-100 elementor-top-column elementor-element elementor-element-5ed2c7f\" data-id=\"5ed2c7f\" data-element_type=\"column\" data-e-type=\"column\">\n\t\t\t<div class=\"elementor-widget-wrap\">\n\t\t\t\t\t\t\t<\/div>\n\t\t<\/div>\n\t\t\t\t\t<\/div>\n\t\t<\/section>\n\t\t\t\t<section class=\"elementor-section elementor-top-section elementor-element elementor-element-f8409af elementor-reverse-mobile elementor-section-boxed elementor-section-height-default elementor-section-height-default\" data-id=\"f8409af\" data-element_type=\"section\" data-e-type=\"section\">\n\t\t\t\t\t\t<div class=\"elementor-container elementor-column-gap-default\">\n\t\t\t\t\t<div class=\"elementor-column elementor-col-50 elementor-top-column elementor-element elementor-element-a082df0\" data-id=\"a082df0\" data-element_type=\"column\" data-e-type=\"column\">\n\t\t\t<div class=\"elementor-widget-wrap elementor-element-populated\">\n\t\t\t\t\t\t<div class=\"elementor-element elementor-element-9b117bd elementor-widget elementor-widget-shortcode\" data-id=\"9b117bd\" data-element_type=\"widget\" data-e-type=\"widget\" data-widget_type=\"shortcode.default\">\n\t\t\t\t<div class=\"elementor-widget-container\">\n\t\t\t\t\t\t\t<div class=\"elementor-shortcode\">\t\t<div data-elementor-type=\"section\" data-elementor-id=\"418\" class=\"elementor elementor-418\" data-elementor-post-type=\"elementor_library\">\n\t\t\t\t\t<section class=\"elementor-section elementor-top-section elementor-element elementor-element-c3c5969 elementor-section-boxed elementor-section-height-default elementor-section-height-default\" data-id=\"c3c5969\" data-element_type=\"section\" data-e-type=\"section\">\n\t\t\t\t\t\t<div class=\"elementor-container elementor-column-gap-default\">\n\t\t\t\t\t<div class=\"elementor-column elementor-col-100 elementor-top-column elementor-element elementor-element-1e36d69\" data-id=\"1e36d69\" data-element_type=\"column\" data-e-type=\"column\">\n\t\t\t<div class=\"elementor-widget-wrap elementor-element-populated\">\n\t\t\t\t\t\t<div class=\"elementor-element elementor-element-8fc6109 elementor-widget elementor-widget-heading\" data-id=\"8fc6109\" data-element_type=\"widget\" data-e-type=\"widget\" data-widget_type=\"heading.default\">\n\t\t\t\t<div class=\"elementor-widget-container\">\n\t\t\t\t\t<h2 class=\"elementor-heading-title elementor-size-default\">Notre <span style=\"color:#F2C014\"> Produits <\/span> <\/h2>\t\t\t\t<\/div>\n\t\t\t\t<\/div>\n\t\t\t\t<div class=\"elementor-element elementor-element-5b13a64 premium-nav-ver premium-ham-slide premium-slide-auto premium-vertical-right premium-nav-none elementor-widget elementor-widget-premium-nav-menu\" data-id=\"5b13a64\" data-element_type=\"widget\" data-e-type=\"widget\" data-settings=\"{&quot;submenu_icon&quot;:{&quot;value&quot;:&quot;fas fa-angle-down&quot;,&quot;library&quot;:&quot;fa-solid&quot;},&quot;submenu_item_icon&quot;:{&quot;value&quot;:&quot;&quot;,&quot;library&quot;:&quot;&quot;}}\" data-widget_type=\"premium-nav-menu.default\">\n\t\t\t\t<div class=\"elementor-widget-container\">\n\t\t\t\t\t\t\t<div data-settings=\"{&quot;breakpoint&quot;:0,&quot;mobileLayout&quot;:&quot;slide&quot;,&quot;mainLayout&quot;:&quot;ver&quot;,&quot;stretchDropdown&quot;:false,&quot;hoverEffect&quot;:&quot;&quot;,&quot;submenuEvent&quot;:&quot;hover&quot;,&quot;submenuTrigger&quot;:&quot;item&quot;,&quot;closeAfterClick&quot;:false,&quot;renderMobileMenu&quot;:true}\" class=\"premium-nav-widget-container premium-nav-pointer-background premium-nav-animation-grow\">\n\t\t\t<div class=\"premium-ver-inner-container\">\n\t\t\t\t\t\t\t\t\t<div class=\"premium-hamburger-toggle premium-mobile-menu-icon\" role=\"button\" aria-label=\"Menu \u00e0 bascule\">\n\t\t\t\t\t\t<span class=\"premium-toggle-text\">\n\t\t\t\t\t\t\t<i aria-hidden=\"true\" class=\"fas fa-bars\"><\/i>Menu\t\t\t\t\t\t<\/span>\n\t\t\t\t\t\t<span class=\"premium-toggle-close\">\n\t\t\t\t\t\t\t<i aria-hidden=\"true\" class=\"fas fa-times\"><\/i>Fermer\t\t\t\t\t\t<\/span>\n\t\t\t\t\t<\/div>\n\t\t\t\t\t\t\t\t\t\t\t<div class=\"premium-nav-menu-container premium-nav-default\">\n\t\t\t\t\t\t\t<ul id=\"menu-product-categories\" class=\"premium-nav-menu premium-main-nav-menu\"><li id=\"premium-nav-menu-item-414\" class=\"menu-item menu-item-type-post_type menu-item-object-page premium-nav-menu-item\"><a href=\"https:\/\/geerwork.com\/fr\/generateur-dhypochlorite-de-sodium\/\" class=\"menu-link premium-menu-link premium-menu-link-parent premium-lq__none\">G\u00e9n\u00e9rateur d'hypochlorite de sodium<\/a><\/li>\n<li id=\"premium-nav-menu-item-406\" class=\"menu-item menu-item-type-post_type menu-item-object-page premium-nav-menu-item\"><a href=\"https:\/\/geerwork.com\/fr\/protection-cathodique\/\" class=\"menu-link premium-menu-link premium-menu-link-parent premium-lq__none\">Protection cathodique<\/a><\/li>\n<li id=\"premium-nav-menu-item-409\" class=\"menu-item menu-item-type-post_type menu-item-object-page premium-nav-menu-item\"><a href=\"https:\/\/geerwork.com\/fr\/electrodeposition-de-metaux\/\" class=\"menu-link premium-menu-link premium-menu-link-parent premium-lq__none\">\u00c9lectrod\u00e9position des m\u00e9taux<\/a><\/li>\n<li id=\"premium-nav-menu-item-413\" class=\"menu-item menu-item-type-post_type menu-item-object-page premium-nav-menu-item\"><a href=\"https:\/\/geerwork.com\/fr\/traitement-des-eaux-usees\/\" class=\"menu-link premium-menu-link premium-menu-link-parent premium-lq__none\">Traitement des eaux us\u00e9es<\/a><\/li>\n<li id=\"premium-nav-menu-item-410\" class=\"menu-item menu-item-type-post_type menu-item-object-page premium-nav-menu-item\"><a href=\"https:\/\/geerwork.com\/fr\/galvanoplastie\/\" class=\"menu-link premium-menu-link premium-menu-link-parent premium-lq__none\">Placage \u00e9lectrolytique<\/a><\/li>\n<li id=\"premium-nav-menu-item-412\" class=\"menu-item menu-item-type-post_type menu-item-object-page premium-nav-menu-item\"><a href=\"https:\/\/geerwork.com\/fr\/hydrogen-generator\/\" class=\"menu-link premium-menu-link premium-menu-link-parent premium-lq__none\">G\u00e9n\u00e9rateur d'hydrog\u00e8ne<\/a><\/li>\n<li id=\"premium-nav-menu-item-407\" class=\"menu-item menu-item-type-post_type menu-item-object-page premium-nav-menu-item\"><a href=\"https:\/\/geerwork.com\/fr\/le-dessalement-de-leau-de-mer\/\" class=\"menu-link premium-menu-link premium-menu-link-parent premium-lq__none\">Dessalement de l'eau de mer<\/a><\/li>\n<li id=\"premium-nav-menu-item-408\" class=\"menu-item menu-item-type-post_type menu-item-object-page premium-nav-menu-item\"><a href=\"https:\/\/geerwork.com\/fr\/desinfection-de-la-piscine\/\" class=\"menu-link premium-menu-link premium-menu-link-parent premium-lq__none\">D\u00e9sinfection de la piscine<\/a><\/li>\n<li id=\"premium-nav-menu-item-411\" class=\"menu-item menu-item-type-post_type menu-item-object-page premium-nav-menu-item\"><a href=\"https:\/\/geerwork.com\/fr\/solution-dattaque-pour-recuperer\/\" class=\"menu-link premium-menu-link premium-menu-link-parent premium-lq__none\">Solution de gravure pour la r\u00e9cup\u00e9ration<\/a><\/li>\n<\/ul>\t\t\t\t\t\t<\/div>\n\t\t\t\t\t\t\t\t\t\t\t<div class=\"premium-nav-slide-overlay\"><\/div>\n\t\t\t\t\t<div class=\"premium-mobile-menu-outer-container\">\n\t\t\t\t\t\t<div class=\"premium-mobile-menu-close\" role=\"button\" aria-label=\"Fermer le menu\">\n\t\t\t\t\t\t\t<i aria-hidden=\"true\" class=\"fas fa-times\"><\/i>\t\t\t\t\t\t\t<span class=\"premium-toggle-close\">Fermer<\/span>\n\t\t\t\t\t\t<\/div>\n\t\t\t\t\t\t\t\t\t\t\t\t<div class=\"premium-mobile-menu-container\">\n\t\t\t\t\t\t\t\t\t\t\t\t\t\t\t<ul id=\"menu-product-categories-1\" class=\"premium-mobile-menu premium-main-mobile-menu premium-main-nav-menu\"><li id=\"premium-nav-menu-item-4141\" class=\"menu-item menu-item-type-post_type menu-item-object-page premium-nav-menu-item\"><a href=\"https:\/\/geerwork.com\/fr\/generateur-dhypochlorite-de-sodium\/\" class=\"menu-link premium-menu-link premium-menu-link-parent premium-lq__none\">G\u00e9n\u00e9rateur d'hypochlorite de sodium<\/a><\/li>\n<li id=\"premium-nav-menu-item-4062\" class=\"menu-item menu-item-type-post_type menu-item-object-page premium-nav-menu-item\"><a href=\"https:\/\/geerwork.com\/fr\/protection-cathodique\/\" class=\"menu-link premium-menu-link premium-menu-link-parent premium-lq__none\">Protection cathodique<\/a><\/li>\n<li id=\"premium-nav-menu-item-4093\" class=\"menu-item menu-item-type-post_type menu-item-object-page premium-nav-menu-item\"><a href=\"https:\/\/geerwork.com\/fr\/electrodeposition-de-metaux\/\" class=\"menu-link premium-menu-link premium-menu-link-parent premium-lq__none\">\u00c9lectrod\u00e9position des m\u00e9taux<\/a><\/li>\n<li id=\"premium-nav-menu-item-4134\" class=\"menu-item menu-item-type-post_type menu-item-object-page premium-nav-menu-item\"><a href=\"https:\/\/geerwork.com\/fr\/traitement-des-eaux-usees\/\" class=\"menu-link premium-menu-link premium-menu-link-parent premium-lq__none\">Traitement des eaux us\u00e9es<\/a><\/li>\n<li id=\"premium-nav-menu-item-4105\" class=\"menu-item menu-item-type-post_type menu-item-object-page premium-nav-menu-item\"><a href=\"https:\/\/geerwork.com\/fr\/galvanoplastie\/\" class=\"menu-link premium-menu-link premium-menu-link-parent premium-lq__none\">Placage \u00e9lectrolytique<\/a><\/li>\n<li id=\"premium-nav-menu-item-4126\" class=\"menu-item menu-item-type-post_type menu-item-object-page premium-nav-menu-item\"><a href=\"https:\/\/geerwork.com\/fr\/hydrogen-generator\/\" class=\"menu-link premium-menu-link premium-menu-link-parent premium-lq__none\">G\u00e9n\u00e9rateur d'hydrog\u00e8ne<\/a><\/li>\n<li id=\"premium-nav-menu-item-4077\" class=\"menu-item menu-item-type-post_type menu-item-object-page premium-nav-menu-item\"><a href=\"https:\/\/geerwork.com\/fr\/le-dessalement-de-leau-de-mer\/\" class=\"menu-link premium-menu-link premium-menu-link-parent premium-lq__none\">Dessalement de l'eau de mer<\/a><\/li>\n<li id=\"premium-nav-menu-item-4088\" class=\"menu-item menu-item-type-post_type menu-item-object-page premium-nav-menu-item\"><a href=\"https:\/\/geerwork.com\/fr\/desinfection-de-la-piscine\/\" class=\"menu-link premium-menu-link premium-menu-link-parent premium-lq__none\">D\u00e9sinfection de la piscine<\/a><\/li>\n<li id=\"premium-nav-menu-item-4119\" class=\"menu-item menu-item-type-post_type menu-item-object-page premium-nav-menu-item\"><a href=\"https:\/\/geerwork.com\/fr\/solution-dattaque-pour-recuperer\/\" class=\"menu-link premium-menu-link premium-menu-link-parent premium-lq__none\">Solution de gravure pour la r\u00e9cup\u00e9ration<\/a><\/li>\n<\/ul>\t\t\t\t\t\t\t\t\t\t\t\t\t\t<\/div>\n\t\t\t\t\t\t<\/div>\t\t\t\t<\/div>\n\t\t\t<\/div>\n\t\t\t\t\t\t\t<\/div>\n\t\t\t\t<\/div>\n\t\t\t\t\t<\/div>\n\t\t<\/div>\n\t\t\t\t\t<\/div>\n\t\t<\/section>\n\t\t\t\t<\/div>\n\t\t<\/div>\n\t\t\t\t\t\t<\/div>\n\t\t\t\t<\/div>\n\t\t\t\t\t<\/div>\n\t\t<\/div>\n\t\t\t\t<div class=\"elementor-column elementor-col-50 elementor-top-column elementor-element elementor-element-96e5726\" data-id=\"96e5726\" data-element_type=\"column\" data-e-type=\"column\">\n\t\t\t<div class=\"elementor-widget-wrap elementor-element-populated\">\n\t\t\t\t\t\t<div class=\"elementor-element elementor-element-0643ec0 elementor-widget elementor-widget-heading\" data-id=\"0643ec0\" data-element_type=\"widget\" data-e-type=\"widget\" data-widget_type=\"heading.default\">\n\t\t\t\t<div class=\"elementor-widget-container\">\n\t\t\t\t\t<h2 class=\"elementor-heading-title elementor-size-default\">G\u00e9n\u00e9rateur d'hydrog\u00e8ne<\/h2>\t\t\t\t<\/div>\n\t\t\t\t<\/div>\n\t\t\t\t<section class=\"elementor-section elementor-inner-section elementor-element elementor-element-c7f116a elementor-section-boxed elementor-section-height-default elementor-section-height-default\" data-id=\"c7f116a\" data-element_type=\"section\" data-e-type=\"section\">\n\t\t\t\t\t\t<div class=\"elementor-container elementor-column-gap-default\">\n\t\t\t\t\t<div class=\"elementor-column elementor-col-50 elementor-inner-column elementor-element elementor-element-8561448\" data-id=\"8561448\" data-element_type=\"column\" data-e-type=\"column\">\n\t\t\t<div class=\"elementor-widget-wrap elementor-element-populated\">\n\t\t\t\t\t\t<div class=\"elementor-element elementor-element-491cd61 elementor-widget elementor-widget-image\" data-id=\"491cd61\" data-element_type=\"widget\" data-e-type=\"widget\" data-widget_type=\"image.default\">\n\t\t\t\t<div class=\"elementor-widget-container\">\n\t\t\t\t\t\t\t\t\t\t\t\t\t\t\t<img fetchpriority=\"high\" decoding=\"async\" width=\"500\" height=\"500\" src=\"https:\/\/geerwork.com\/wp-content\/uploads\/2024\/12\/20210623110607hMOpcn.jpg\" class=\"attachment-medium_large size-medium_large wp-image-211\" alt=\"\" \/>\t\t\t\t\t\t\t\t\t\t\t\t\t\t\t<\/div>\n\t\t\t\t<\/div>\n\t\t\t\t\t<\/div>\n\t\t<\/div>\n\t\t\t\t<div class=\"elementor-column elementor-col-50 elementor-inner-column elementor-element elementor-element-7bc5796\" data-id=\"7bc5796\" data-element_type=\"column\" data-e-type=\"column\">\n\t\t\t<div class=\"elementor-widget-wrap elementor-element-populated\">\n\t\t\t\t\t\t<div class=\"elementor-element elementor-element-ab4ff33 elementor-widget elementor-widget-heading\" data-id=\"ab4ff33\" data-element_type=\"widget\" data-e-type=\"widget\" data-widget_type=\"heading.default\">\n\t\t\t\t<div class=\"elementor-widget-container\">\n\t\t\t\t\t<h2 class=\"elementor-heading-title elementor-size-default\"><a href=\"https:\/\/geerwork.com\/fr\/anode-en-titane-platine-pour-generateur-dhydrogene\/\">Anode en titane platin\u00e9 pour g\u00e9n\u00e9rateur d'hydrog\u00e8ne<\/a><\/h2>\t\t\t\t<\/div>\n\t\t\t\t<\/div>\n\t\t\t\t<div class=\"elementor-element elementor-element-f7a7184 elementor-widget elementor-widget-heading\" data-id=\"f7a7184\" data-element_type=\"widget\" data-e-type=\"widget\" data-widget_type=\"heading.default\">\n\t\t\t\t<div class=\"elementor-widget-container\">\n\t\t\t\t\t<p class=\"elementor-heading-title elementor-size-default\">L'anode en titane est un \u00e9l\u00e9ment cl\u00e9 de la machine d'\u00e9lectrolyse de l'eau, et la qualit\u00e9 de l'\u00e9lectrode m\u00e9tallique affecte directement la qualit\u00e9 de l'ensemble de la machine \u00e0 eau. Notre soci\u00e9t\u00e9 utilise le dernier proc\u00e9d\u00e9 de frittage pour remplacer la galvanoplastie d'origine. <\/p>\t\t\t\t<\/div>\n\t\t\t\t<\/div>\n\t\t\t\t<div class=\"elementor-element elementor-element-7f92144 elementor-button-info elementor-widget__width-initial elementor-widget elementor-widget-button\" data-id=\"7f92144\" data-element_type=\"widget\" data-e-type=\"widget\" data-widget_type=\"button.default\">\n\t\t\t\t<div class=\"elementor-widget-container\">\n\t\t\t\t\t\t\t\t\t<div class=\"elementor-button-wrapper\">\n\t\t\t\t\t<a class=\"elementor-button elementor-button-link elementor-size-sm\" href=\"https:\/\/geerwork.com\/fr\/anode-en-titane-platine-pour-generateur-dhydrogene\/\">\n\t\t\t\t\t\t<span class=\"elementor-button-content-wrapper\">\n\t\t\t\t\t\t\t\t\t<span class=\"elementor-button-text\">Lire la suite<\/span>\n\t\t\t\t\t<\/span>\n\t\t\t\t\t<\/a>\n\t\t\t\t<\/div>\n\t\t\t\t\t\t\t\t<\/div>\n\t\t\t\t<\/div>\n\t\t\t\t<div class=\"elementor-element elementor-element-f0a162f elementor-button-info elementor-widget__width-initial elementor-widget elementor-widget-button\" data-id=\"f0a162f\" data-element_type=\"widget\" data-e-type=\"widget\" data-widget_type=\"button.default\">\n\t\t\t\t<div class=\"elementor-widget-container\">\n\t\t\t\t\t\t\t\t\t<div class=\"elementor-button-wrapper\">\n\t\t\t\t\t<a class=\"elementor-button elementor-button-link elementor-size-sm\" href=\"#\">\n\t\t\t\t\t\t<span class=\"elementor-button-content-wrapper\">\n\t\t\t\t\t\t\t\t\t<span class=\"elementor-button-text\">Demande de renseignements<\/span>\n\t\t\t\t\t<\/span>\n\t\t\t\t\t<\/a>\n\t\t\t\t<\/div>\n\t\t\t\t\t\t\t\t<\/div>\n\t\t\t\t<\/div>\n\t\t\t\t\t<\/div>\n\t\t<\/div>\n\t\t\t\t\t<\/div>\n\t\t<\/section>\n\t\t\t\t\t<\/div>\n\t\t<\/div>\n\t\t\t\t\t<\/div>\n\t\t<\/section>\n\t\t\t\t<\/div>","protected":false},"excerpt":{"rendered":"<p>Hydrogen Generator Platinized titanium anode for Hydrogen generator The titanium anode is a key component of the water electrolysis machine, [&hellip;]<\/p>\n","protected":false},"author":1,"featured_media":0,"parent":0,"menu_order":0,"comment_status":"closed","ping_status":"closed","template":"","meta":{"_monsterinsights_skip_tracking":false,"_monsterinsights_sitenote_active":false,"_monsterinsights_sitenote_note":"","_monsterinsights_sitenote_category":0,"site-sidebar-layout":"no-sidebar","site-content-layout":"","ast-site-content-layout":"full-width-container","site-content-style":"default","site-sidebar-style":"default","ast-global-header-display":"","ast-banner-title-visibility":"","ast-main-header-display":"","ast-hfb-above-header-display":"","ast-hfb-below-header-display":"","ast-hfb-mobile-header-display":"","site-post-title":"disabled","ast-breadcrumbs-content":"","ast-featured-img":"disabled","footer-sml-layout":"","theme-transparent-header-meta":"","adv-header-id-meta":"","stick-header-meta":"","header-above-stick-meta":"","header-main-stick-meta":"","header-below-stick-meta":"","astra-migrate-meta-layouts":"default","ast-page-background-enabled":"default","ast-page-background-meta":{"desktop":{"background-color":"var(--ast-global-color-4)","background-image":"","background-repeat":"repeat","background-position":"center center","background-size":"auto","background-attachment":"scroll","background-type":"","background-media":"","overlay-type":"","overlay-color":"","overlay-opacity":"","overlay-gradient":""},"tablet":{"background-color":"","background-image":"","background-repeat":"repeat","background-position":"center center","background-size":"auto","background-attachment":"scroll","background-type":"","background-media":"","overlay-type":"","overlay-color":"","overlay-opacity":"","overlay-gradient":""},"mobile":{"background-color":"","background-image":"","background-repeat":"repeat","background-position":"center center","background-size":"auto","background-attachment":"scroll","background-type":"","background-media":"","overlay-type":"","overlay-color":"","overlay-opacity":"","overlay-gradient":""}},"ast-content-background-meta":{"desktop":{"background-color":"var(--ast-global-color-5)","background-image":"","background-repeat":"repeat","background-position":"center center","background-size":"auto","background-attachment":"scroll","background-type":"","background-media":"","overlay-type":"","overlay-color":"","overlay-opacity":"","overlay-gradient":""},"tablet":{"background-color":"var(--ast-global-color-5)","background-image":"","background-repeat":"repeat","background-position":"center center","background-size":"auto","background-attachment":"scroll","background-type":"","background-media":"","overlay-type":"","overlay-color":"","overlay-opacity":"","overlay-gradient":""},"mobile":{"background-color":"var(--ast-global-color-5)","background-image":"","background-repeat":"repeat","background-position":"center center","background-size":"auto","background-attachment":"scroll","background-type":"","background-media":"","overlay-type":"","overlay-color":"","overlay-opacity":"","overlay-gradient":""}},"footnotes":""},"class_list":["post-215","page","type-page","status-publish","hentry"],"_links":{"self":[{"href":"https:\/\/geerwork.com\/fr\/wp-json\/wp\/v2\/pages\/215","targetHints":{"allow":["GET"]}}],"collection":[{"href":"https:\/\/geerwork.com\/fr\/wp-json\/wp\/v2\/pages"}],"about":[{"href":"https:\/\/geerwork.com\/fr\/wp-json\/wp\/v2\/types\/page"}],"author":[{"embeddable":true,"href":"https:\/\/geerwork.com\/fr\/wp-json\/wp\/v2\/users\/1"}],"replies":[{"embeddable":true,"href":"https:\/\/geerwork.com\/fr\/wp-json\/wp\/v2\/comments?post=215"}],"version-history":[{"count":19,"href":"https:\/\/geerwork.com\/fr\/wp-json\/wp\/v2\/pages\/215\/revisions"}],"predecessor-version":[{"id":842,"href":"https:\/\/geerwork.com\/fr\/wp-json\/wp\/v2\/pages\/215\/revisions\/842"}],"wp:attachment":[{"href":"https:\/\/geerwork.com\/fr\/wp-json\/wp\/v2\/media?parent=215"}],"curies":[{"name":"wp","href":"https:\/\/api.w.org\/{rel}","templated":true}]}}