{"id":110,"date":"2024-12-14T10:29:03","date_gmt":"2024-12-14T10:29:03","guid":{"rendered":"https:\/\/geerwork.com\/?page_id=110"},"modified":"2024-12-27T03:04:49","modified_gmt":"2024-12-27T03:04:49","slug":"a-propos-de","status":"publish","type":"page","link":"https:\/\/geerwork.com\/fr\/a-propos-de\/","title":{"rendered":"A propos de"},"content":{"rendered":"<div data-elementor-type=\"wp-page\" data-elementor-id=\"110\" class=\"elementor elementor-110\" data-elementor-post-type=\"page\">\n\t\t\t\t\t\t<section class=\"elementor-section elementor-top-section elementor-element elementor-element-0e850e1 elementor-section-full_width elementor-section-height-min-height elementor-section-height-default elementor-section-items-middle\" data-id=\"0e850e1\" data-element_type=\"section\" data-e-type=\"section\" data-settings=\"{&quot;background_background&quot;:&quot;classic&quot;}\">\n\t\t\t\t\t\t\t<div class=\"elementor-background-overlay\"><\/div>\n\t\t\t\t\t\t\t<div class=\"elementor-container elementor-column-gap-default\">\n\t\t\t\t\t<div class=\"elementor-column elementor-col-100 elementor-top-column elementor-element elementor-element-56aff09\" data-id=\"56aff09\" data-element_type=\"column\" data-e-type=\"column\">\n\t\t\t<div class=\"elementor-widget-wrap elementor-element-populated\">\n\t\t\t\t\t\t<section class=\"elementor-section elementor-inner-section elementor-element elementor-element-5b7e5c0 elementor-section-boxed elementor-section-height-default elementor-section-height-default\" data-id=\"5b7e5c0\" data-element_type=\"section\" data-e-type=\"section\" data-settings=\"{&quot;background_background&quot;:&quot;classic&quot;}\">\n\t\t\t\t\t\t<div class=\"elementor-container elementor-column-gap-no\">\n\t\t\t\t\t<div class=\"elementor-column elementor-col-33 elementor-inner-column elementor-element elementor-element-e5b301d\" data-id=\"e5b301d\" data-element_type=\"column\" data-e-type=\"column\">\n\t\t\t<div class=\"elementor-widget-wrap\">\n\t\t\t\t\t\t\t<\/div>\n\t\t<\/div>\n\t\t\t\t<div class=\"elementor-column elementor-col-33 elementor-inner-column elementor-element elementor-element-489be5e\" data-id=\"489be5e\" data-element_type=\"column\" data-e-type=\"column\" data-settings=\"{&quot;background_background&quot;:&quot;classic&quot;}\">\n\t\t\t<div class=\"elementor-widget-wrap elementor-element-populated\">\n\t\t\t\t\t\t<div class=\"elementor-element elementor-element-839d2c5 elementor-invisible elementor-widget elementor-widget-heading\" data-id=\"839d2c5\" data-element_type=\"widget\" data-e-type=\"widget\" data-settings=\"{&quot;_animation&quot;:&quot;fadeInDown&quot;}\" data-widget_type=\"heading.default\">\n\t\t\t\t<div class=\"elementor-widget-container\">\n\t\t\t\t\t<h2 class=\"elementor-heading-title elementor-size-default\">A propos de <span style=\"color:#F2C014\"> G\u00e9ographie <\/span> <\/h2>\t\t\t\t<\/div>\n\t\t\t\t<\/div>\n\t\t\t\t\t<\/div>\n\t\t<\/div>\n\t\t\t\t<div class=\"elementor-column elementor-col-33 elementor-inner-column elementor-element elementor-element-4103ee9\" data-id=\"4103ee9\" data-element_type=\"column\" data-e-type=\"column\">\n\t\t\t<div class=\"elementor-widget-wrap\">\n\t\t\t\t\t\t\t<\/div>\n\t\t<\/div>\n\t\t\t\t\t<\/div>\n\t\t<\/section>\n\t\t\t\t\t<\/div>\n\t\t<\/div>\n\t\t\t\t\t<\/div>\n\t\t<\/section>\n\t\t\t\t<section class=\"elementor-section elementor-top-section elementor-element elementor-element-d6d77da elementor-reverse-mobile elementor-section-boxed elementor-section-height-default elementor-section-height-default\" data-id=\"d6d77da\" data-element_type=\"section\" data-e-type=\"section\" data-settings=\"{&quot;background_background&quot;:&quot;classic&quot;}\">\n\t\t\t\t\t\t<div class=\"elementor-container elementor-column-gap-default\">\n\t\t\t\t\t<div class=\"elementor-column elementor-col-50 elementor-top-column elementor-element elementor-element-c363545\" data-id=\"c363545\" data-element_type=\"column\" data-e-type=\"column\">\n\t\t\t<div class=\"elementor-widget-wrap elementor-element-populated\">\n\t\t\t\t\t\t<div class=\"elementor-element elementor-element-0c4fee3 elementor-widget elementor-widget-image\" data-id=\"0c4fee3\" data-element_type=\"widget\" data-e-type=\"widget\" data-widget_type=\"image.default\">\n\t\t\t\t<div class=\"elementor-widget-container\">\n\t\t\t\t\t\t\t\t\t\t\t\t\t\t\t<img fetchpriority=\"high\" decoding=\"async\" width=\"768\" height=\"768\" src=\"https:\/\/geerwork.com\/wp-content\/uploads\/2024\/12\/\u948c\u94f1\u7535\u6781-01.jpg\" class=\"attachment-medium_large size-medium_large wp-image-52\" alt=\"\" \/>\t\t\t\t\t\t\t\t\t\t\t\t\t\t\t<\/div>\n\t\t\t\t<\/div>\n\t\t\t\t<div class=\"elementor-element elementor-element-eba10a4 elementor-widget elementor-widget-image\" data-id=\"eba10a4\" data-element_type=\"widget\" data-e-type=\"widget\" data-widget_type=\"image.default\">\n\t\t\t\t<div class=\"elementor-widget-container\">\n\t\t\t\t\t\t\t\t\t\t\t\t\t\t\t<img decoding=\"async\" width=\"495\" height=\"400\" src=\"https:\/\/geerwork.com\/wp-content\/uploads\/2024\/12\/Ruthenium-Iridium-Coated-Titanium-Electrode-Assembly-495x400-1.jpg\" class=\"attachment-large size-large wp-image-53\" alt=\"\" \/>\t\t\t\t\t\t\t\t\t\t\t\t\t\t\t<\/div>\n\t\t\t\t<\/div>\n\t\t\t\t\t<\/div>\n\t\t<\/div>\n\t\t\t\t<div class=\"elementor-column elementor-col-50 elementor-top-column elementor-element elementor-element-3c9181b\" data-id=\"3c9181b\" data-element_type=\"column\" data-e-type=\"column\">\n\t\t\t<div class=\"elementor-widget-wrap elementor-element-populated\">\n\t\t\t\t\t\t<div class=\"elementor-element elementor-element-33de8bc elementor-widget elementor-widget-heading\" data-id=\"33de8bc\" data-element_type=\"widget\" data-e-type=\"widget\" data-widget_type=\"heading.default\">\n\t\t\t\t<div class=\"elementor-widget-container\">\n\t\t\t\t\t<h2 class=\"elementor-heading-title elementor-size-default\">\u00c0 propos de nous<\/h2>\t\t\t\t<\/div>\n\t\t\t\t<\/div>\n\t\t\t\t<div class=\"elementor-element elementor-element-03e3141 elementor-widget elementor-widget-heading\" data-id=\"03e3141\" data-element_type=\"widget\" data-e-type=\"widget\" data-widget_type=\"heading.default\">\n\t\t\t\t<div class=\"elementor-widget-container\">\n\t\t\t\t\t<h2 class=\"elementor-heading-title elementor-size-default\"><span style=\"color:#F2C014\"> \u00c9lectrochimie <\/span> L'industrie\n\n<\/h2>\t\t\t\t<\/div>\n\t\t\t\t<\/div>\n\t\t\t\t<div class=\"elementor-element elementor-element-773c648 elementor-widget-divider--view-line elementor-widget elementor-widget-divider\" data-id=\"773c648\" data-element_type=\"widget\" data-e-type=\"widget\" data-widget_type=\"divider.default\">\n\t\t\t\t<div class=\"elementor-widget-container\">\n\t\t\t\t\t\t\t<div class=\"elementor-divider\">\n\t\t\t<span class=\"elementor-divider-separator\">\n\t\t\t\t\t\t<\/span>\n\t\t<\/div>\n\t\t\t\t\t\t<\/div>\n\t\t\t\t<\/div>\n\t\t\t\t<div class=\"elementor-element elementor-element-830c6a3 elementor-widget elementor-widget-heading\" data-id=\"830c6a3\" data-element_type=\"widget\" data-e-type=\"widget\" data-widget_type=\"heading.default\">\n\t\t\t\t<div class=\"elementor-widget-container\">\n\t\t\t\t\t<h2 class=\"elementor-heading-title elementor-size-default\">Nous sommes le premier fournisseur de Chine<\/h2>\t\t\t\t<\/div>\n\t\t\t\t<\/div>\n\t\t\t\t<div class=\"elementor-element elementor-element-ae4f85b elementor-widget elementor-widget-heading\" data-id=\"ae4f85b\" data-element_type=\"widget\" data-e-type=\"widget\" data-widget_type=\"heading.default\">\n\t\t\t\t<div class=\"elementor-widget-container\">\n\t\t\t\t\t<p class=\"elementor-heading-title elementor-size-default\">GEERWORK METAL MATERIALS est un fournisseur d'\u00e9lectrodes en titane, ses produits sont largement utilis\u00e9s dans l'industrie chimique, la m\u00e9tallurgie, le p\u00e9trole, la m\u00e9decine textile, la protection de l'environnement, les sports, la marine et d'autres domaines, etc.\n\n<br><br>\n\nLes principaux produits sont les anodes de ruth\u00e9nium \u00e0 base de titane, les anodes d'iridium, les anodes de platine et d'autres anodes de titane. Apr\u00e8s plus de 20 ans de d\u00e9veloppement, l'entreprise a accumul\u00e9 une riche exp\u00e9rience dans la production d'anodes en titane et dispose de la technologie de production la plus r\u00e9cente. Les anodes en titane produites par cette technologie ont une liaison m\u00e9tallique plus forte, peuvent supporter une densit\u00e9 de courant plus \u00e9lev\u00e9e et am\u00e9liorer l'efficacit\u00e9 du courant.<\/p>\t\t\t\t<\/div>\n\t\t\t\t<\/div>\n\t\t\t\t\t<\/div>\n\t\t<\/div>\n\t\t\t\t\t<\/div>\n\t\t<\/section>\n\t\t\t\t<section class=\"elementor-section elementor-top-section elementor-element elementor-element-63090ab elementor-section-boxed elementor-section-height-default elementor-section-height-default\" data-id=\"63090ab\" data-element_type=\"section\" data-e-type=\"section\">\n\t\t\t\t\t\t<div class=\"elementor-container elementor-column-gap-default\">\n\t\t\t\t\t<div class=\"elementor-column elementor-col-100 elementor-top-column elementor-element elementor-element-4e69222\" data-id=\"4e69222\" data-element_type=\"column\" data-e-type=\"column\">\n\t\t\t<div class=\"elementor-widget-wrap elementor-element-populated\">\n\t\t\t\t\t\t<div class=\"elementor-element elementor-element-d5deda8 elementor-widget elementor-widget-heading\" data-id=\"d5deda8\" data-element_type=\"widget\" data-e-type=\"widget\" data-widget_type=\"heading.default\">\n\t\t\t\t<div class=\"elementor-widget-container\">\n\t\t\t\t\t<p class=\"elementor-heading-title elementor-size-default\">En tant que principal fournisseur d'\u00e9lectrodes en titane, Geerwork a connu une croissance rapide sur le march\u00e9 au cours des cinq derni\u00e8res ann\u00e9es. En tant qu'entreprise de haute technologie certifi\u00e9e ISO9001 et nomm\u00e9e par le gouvernement, nous continuons \u00e0 investir dans la recherche et le d\u00e9veloppement d'\u00e9lectrodes en titane dans le domaine du traitement de l'eau.\n\u00c0 l'heure actuelle, nos produits sont vendus aux \u00c9tats-Unis, en Grande-Bretagne, en Allemagne, en Australie, en Afrique du Sud, en Espagne, au Br\u00e9sil, au Mexique, en Tha\u00eflande, en Malaisie et dans plus de 50 autres pays et r\u00e9gions. \n\n<br><br>\n\nNous pensons que seul un haut degr\u00e9 de d\u00e9vouement, ainsi que la poursuite inlassable de produits de haute performance, peuvent permettre d'atteindre et de satisfaire les exigences de qualit\u00e9 et les exigences des clients. Gr\u00e2ce \u00e0 un syst\u00e8me d'assurance qualit\u00e9 strict, nos produits pr\u00e9sentent des d\u00e9fauts significatifs inf\u00e9rieurs \u00e0 0,1%. Jusqu'\u00e0 pr\u00e9sent, nos produits peuvent \u00eatre certifi\u00e9s par NSF et Rohs. \"Geerwork continuera \u00e0 se concentrer sur le domaine des \u00e9lectrodes en titane, \u00e0 s'appuyer sur les r\u00e9alisations pass\u00e9es et \u00e0 s'efforcer de devenir un fournisseur d'\u00e9lectrodes en titane de premier ordre.\n\n<br><br>\n\nNous pouvons fournir des milliers de produits individuels. C'est cette ampleur et cette vari\u00e9t\u00e9 de produits qui nous d\u00e9finissent comme l'un des principaux fournisseurs mondiaux de mat\u00e9riaux d'ing\u00e9nierie.<\/p>\t\t\t\t<\/div>\n\t\t\t\t<\/div>\n\t\t\t\t\t<\/div>\n\t\t<\/div>\n\t\t\t\t\t<\/div>\n\t\t<\/section>\n\t\t\t\t<section class=\"elementor-section elementor-top-section elementor-element elementor-element-4386f5d elementor-section-boxed elementor-section-height-default elementor-section-height-default\" data-id=\"4386f5d\" data-element_type=\"section\" data-e-type=\"section\" data-settings=\"{&quot;background_background&quot;:&quot;classic&quot;}\">\n\t\t\t\t\t\t<div class=\"elementor-container elementor-column-gap-default\">\n\t\t\t\t\t<div class=\"elementor-column elementor-col-100 elementor-top-column elementor-element elementor-element-95b0e3b\" data-id=\"95b0e3b\" data-element_type=\"column\" data-e-type=\"column\">\n\t\t\t<div class=\"elementor-widget-wrap elementor-element-populated\">\n\t\t\t\t\t\t<div class=\"elementor-element elementor-element-9dcfda9 elementor-widget elementor-widget-heading\" data-id=\"9dcfda9\" data-element_type=\"widget\" data-e-type=\"widget\" data-widget_type=\"heading.default\">\n\t\t\t\t<div class=\"elementor-widget-container\">\n\t\t\t\t\t<h2 class=\"elementor-heading-title elementor-size-default\">Notre c\u0153ur de m\u00e9tier  <span style=\"color:#F2C014\"> Comp\u00e9tences <\/span>\n\n<\/h2>\t\t\t\t<\/div>\n\t\t\t\t<\/div>\n\t\t\t\t<div class=\"elementor-element elementor-element-169e703 elementor-widget-divider--view-line elementor-widget elementor-widget-divider\" data-id=\"169e703\" data-element_type=\"widget\" data-e-type=\"widget\" data-widget_type=\"divider.default\">\n\t\t\t\t<div class=\"elementor-widget-container\">\n\t\t\t\t\t\t\t<div class=\"elementor-divider\">\n\t\t\t<span class=\"elementor-divider-separator\">\n\t\t\t\t\t\t<\/span>\n\t\t<\/div>\n\t\t\t\t\t\t<\/div>\n\t\t\t\t<\/div>\n\t\t\t\t<section class=\"elementor-section elementor-inner-section elementor-element elementor-element-82c48a1 elementor-section-boxed elementor-section-height-default elementor-section-height-default\" data-id=\"82c48a1\" data-element_type=\"section\" data-e-type=\"section\">\n\t\t\t\t\t\t<div class=\"elementor-container elementor-column-gap-default\">\n\t\t\t\t\t<div class=\"elementor-column elementor-col-33 elementor-inner-column elementor-element elementor-element-49f981b\" data-id=\"49f981b\" data-element_type=\"column\" data-e-type=\"column\">\n\t\t\t<div class=\"elementor-widget-wrap elementor-element-populated\">\n\t\t\t\t\t\t<div class=\"elementor-element elementor-element-006021f elementor-widget elementor-widget-image-box\" data-id=\"006021f\" data-element_type=\"widget\" data-e-type=\"widget\" data-widget_type=\"image-box.default\">\n\t\t\t\t<div class=\"elementor-widget-container\">\n\t\t\t\t\t<div class=\"elementor-image-box-wrapper\"><div class=\"elementor-image-box-content\"><h3 class=\"elementor-image-box-title\">La plupart des <span style=\"color:#F2C014\">Prix comp\u00e9titifs<\/span><\/h3><p class=\"elementor-image-box-description\">Chez GeerWork, vous obtiendrez les produits souhait\u00e9s aux prix les plus comp\u00e9titifs. Nous avons mis en place des syst\u00e8mes SCM (gestion de la cha\u00eene d'approvisionnement) et LP (production all\u00e9g\u00e9e) parfaits pour r\u00e9duire les co\u00fbts. Nous sommes toujours \u00e0 la recherche d'une production de masse \u00e0 haut rendement et d'une gestion scientifique. C'est pourquoi nous sommes en mesure de vous garantir des produits de la plus haute qualit\u00e9 aux prix les plus bas.<\/p><\/div><\/div>\t\t\t\t<\/div>\n\t\t\t\t<\/div>\n\t\t\t\t\t<\/div>\n\t\t<\/div>\n\t\t\t\t<div class=\"elementor-column elementor-col-33 elementor-inner-column elementor-element elementor-element-cb0e132\" data-id=\"cb0e132\" data-element_type=\"column\" data-e-type=\"column\">\n\t\t\t<div class=\"elementor-widget-wrap elementor-element-populated\">\n\t\t\t\t\t\t<div class=\"elementor-element elementor-element-106683b elementor-widget elementor-widget-image-box\" data-id=\"106683b\" data-element_type=\"widget\" data-e-type=\"widget\" data-widget_type=\"image-box.default\">\n\t\t\t\t<div class=\"elementor-widget-container\">\n\t\t\t\t\t<div class=\"elementor-image-box-wrapper\"><div class=\"elementor-image-box-content\"><h3 class=\"elementor-image-box-title\"><span style=\"color:#F2C014\">Production<\/span> Ligne<\/h3><p class=\"elementor-image-box-description\">GeerWork dispose d'un ensemble complet d'installations de production et de traitement : Des \u00e9quipements de production tels que des machines de pressage isostatique \u00e0 froid (CIP), des machines de pressage isostatique \u00e0 chaud (HIP), des fours de fusion par induction sous vide, des fours de frittage sous vide, des fours de distillation sous vide, des fours de pressage \u00e0 chaud sous vide, des fours de frittage \u00e0 haute temp\u00e9rature et d'autres fours pour la production de diff\u00e9rents types de m\u00e9taux. Machines de moulage \u00e0 froid, \u00e9quipements sous vide, tours, meuleuses, machines \u00e0 couper le fil et autres \u00e9quipements pour le formage et l'usinage des mat\u00e9riaux.<\/p><\/div><\/div>\t\t\t\t<\/div>\n\t\t\t\t<\/div>\n\t\t\t\t\t<\/div>\n\t\t<\/div>\n\t\t\t\t<div class=\"elementor-column elementor-col-33 elementor-inner-column elementor-element elementor-element-04fca26\" data-id=\"04fca26\" data-element_type=\"column\" data-e-type=\"column\">\n\t\t\t<div class=\"elementor-widget-wrap elementor-element-populated\">\n\t\t\t\t\t\t<div class=\"elementor-element elementor-element-fe1cea4 elementor-widget elementor-widget-image-box\" data-id=\"fe1cea4\" data-element_type=\"widget\" data-e-type=\"widget\" data-widget_type=\"image-box.default\">\n\t\t\t\t<div class=\"elementor-widget-container\">\n\t\t\t\t\t<div class=\"elementor-image-box-wrapper\"><div class=\"elementor-image-box-content\"><h3 class=\"elementor-image-box-title\"><span style=\"color:#F2C014\">Qualit\u00e9 <\/span>Contr\u00f4le <\/h3><p class=\"elementor-image-box-description\">Nous appliquons un syst\u00e8me strict de contr\u00f4le de la qualit\u00e9 et utilisons diff\u00e9rents instruments et m\u00e9thodes au cours du processus de fabrication, notamment des dispositifs d'inspection des \u00e9l\u00e9ments chimiques, des \u00e9quipements d'essai m\u00e9canique, des instruments manuels de d\u00e9tection ultrasonique, des machines d'essai de pression hydraulique, des \u00e9quipements de mesure d'al\u00e9sage, des machines d'essai \u00e0 courant de Foucault, des machines d'essai de duret\u00e9, des mesures dimensionnelles et autres, ce qui permet de garantir que chaque \u00e9tape a \u00e9t\u00e9 parfaitement ex\u00e9cut\u00e9e.\nGeerWork fournit des produits conformes aux sp\u00e9cifications ASTM, ASME, MIL, AMS, DMS, AWS et JIS.<\/p><\/div><\/div>\t\t\t\t<\/div>\n\t\t\t\t<\/div>\n\t\t\t\t\t<\/div>\n\t\t<\/div>\n\t\t\t\t\t<\/div>\n\t\t<\/section>\n\t\t\t\t\t<\/div>\n\t\t<\/div>\n\t\t\t\t\t<\/div>\n\t\t<\/section>\n\t\t\t\t<\/div>","protected":false},"excerpt":{"rendered":"<p>About Geerwork About Us Electrochemical Industry We are the China\u2019s leading supplier GEERWORK METAL MATERIALS is a titanium electrode supplier, [&hellip;]<\/p>\n","protected":false},"author":1,"featured_media":0,"parent":0,"menu_order":0,"comment_status":"closed","ping_status":"closed","template":"","meta":{"_monsterinsights_skip_tracking":false,"_monsterinsights_sitenote_active":false,"_monsterinsights_sitenote_note":"","_monsterinsights_sitenote_category":0,"site-sidebar-layout":"no-sidebar","site-content-layout":"","ast-site-content-layout":"full-width-container","site-content-style":"default","site-sidebar-style":"default","ast-global-header-display":"","ast-banner-title-visibility":"","ast-main-header-display":"","ast-hfb-above-header-display":"","ast-hfb-below-header-display":"","ast-hfb-mobile-header-display":"","site-post-title":"disabled","ast-breadcrumbs-content":"","ast-featured-img":"disabled","footer-sml-layout":"","theme-transparent-header-meta":"","adv-header-id-meta":"","stick-header-meta":"","header-above-stick-meta":"","header-main-stick-meta":"","header-below-stick-meta":"","astra-migrate-meta-layouts":"default","ast-page-background-enabled":"default","ast-page-background-meta":{"desktop":{"background-color":"var(--ast-global-color-4)","background-image":"","background-repeat":"repeat","background-position":"center center","background-size":"auto","background-attachment":"scroll","background-type":"","background-media":"","overlay-type":"","overlay-color":"","overlay-opacity":"","overlay-gradient":""},"tablet":{"background-color":"","background-image":"","background-repeat":"repeat","background-position":"center center","background-size":"auto","background-attachment":"scroll","background-type":"","background-media":"","overlay-type":"","overlay-color":"","overlay-opacity":"","overlay-gradient":""},"mobile":{"background-color":"","background-image":"","background-repeat":"repeat","background-position":"center center","background-size":"auto","background-attachment":"scroll","background-type":"","background-media":"","overlay-type":"","overlay-color":"","overlay-opacity":"","overlay-gradient":""}},"ast-content-background-meta":{"desktop":{"background-color":"var(--ast-global-color-5)","background-image":"","background-repeat":"repeat","background-position":"center center","background-size":"auto","background-attachment":"scroll","background-type":"","background-media":"","overlay-type":"","overlay-color":"","overlay-opacity":"","overlay-gradient":""},"tablet":{"background-color":"var(--ast-global-color-5)","background-image":"","background-repeat":"repeat","background-position":"center center","background-size":"auto","background-attachment":"scroll","background-type":"","background-media":"","overlay-type":"","overlay-color":"","overlay-opacity":"","overlay-gradient":""},"mobile":{"background-color":"var(--ast-global-color-5)","background-image":"","background-repeat":"repeat","background-position":"center center","background-size":"auto","background-attachment":"scroll","background-type":"","background-media":"","overlay-type":"","overlay-color":"","overlay-opacity":"","overlay-gradient":""}},"footnotes":""},"class_list":["post-110","page","type-page","status-publish","hentry"],"_links":{"self":[{"href":"https:\/\/geerwork.com\/fr\/wp-json\/wp\/v2\/pages\/110","targetHints":{"allow":["GET"]}}],"collection":[{"href":"https:\/\/geerwork.com\/fr\/wp-json\/wp\/v2\/pages"}],"about":[{"href":"https:\/\/geerwork.com\/fr\/wp-json\/wp\/v2\/types\/page"}],"author":[{"embeddable":true,"href":"https:\/\/geerwork.com\/fr\/wp-json\/wp\/v2\/users\/1"}],"replies":[{"embeddable":true,"href":"https:\/\/geerwork.com\/fr\/wp-json\/wp\/v2\/comments?post=110"}],"version-history":[{"count":26,"href":"https:\/\/geerwork.com\/fr\/wp-json\/wp\/v2\/pages\/110\/revisions"}],"predecessor-version":[{"id":1178,"href":"https:\/\/geerwork.com\/fr\/wp-json\/wp\/v2\/pages\/110\/revisions\/1178"}],"wp:attachment":[{"href":"https:\/\/geerwork.com\/fr\/wp-json\/wp\/v2\/media?parent=110"}],"curies":[{"name":"wp","href":"https:\/\/api.w.org\/{rel}","templated":true}]}}