{"id":110,"date":"2024-12-14T10:29:03","date_gmt":"2024-12-14T10:29:03","guid":{"rendered":"https:\/\/geerwork.com\/?page_id=110"},"modified":"2024-12-27T03:04:49","modified_gmt":"2024-12-27T03:04:49","slug":"acerca-de","status":"publish","type":"page","link":"https:\/\/geerwork.com\/es\/acerca-de\/","title":{"rendered":"Acerca de"},"content":{"rendered":"<div data-elementor-type=\"wp-page\" data-elementor-id=\"110\" class=\"elementor elementor-110\" data-elementor-post-type=\"page\">\n\t\t\t\t\t\t<section class=\"elementor-section elementor-top-section elementor-element elementor-element-0e850e1 elementor-section-full_width elementor-section-height-min-height elementor-section-height-default elementor-section-items-middle\" data-id=\"0e850e1\" data-element_type=\"section\" data-e-type=\"section\" data-settings=\"{&quot;background_background&quot;:&quot;classic&quot;}\">\n\t\t\t\t\t\t\t<div class=\"elementor-background-overlay\"><\/div>\n\t\t\t\t\t\t\t<div class=\"elementor-container elementor-column-gap-default\">\n\t\t\t\t\t<div class=\"elementor-column elementor-col-100 elementor-top-column elementor-element elementor-element-56aff09\" data-id=\"56aff09\" data-element_type=\"column\" data-e-type=\"column\">\n\t\t\t<div class=\"elementor-widget-wrap elementor-element-populated\">\n\t\t\t\t\t\t<section class=\"elementor-section elementor-inner-section elementor-element elementor-element-5b7e5c0 elementor-section-boxed elementor-section-height-default elementor-section-height-default\" data-id=\"5b7e5c0\" data-element_type=\"section\" data-e-type=\"section\" data-settings=\"{&quot;background_background&quot;:&quot;classic&quot;}\">\n\t\t\t\t\t\t<div class=\"elementor-container elementor-column-gap-no\">\n\t\t\t\t\t<div class=\"elementor-column elementor-col-33 elementor-inner-column elementor-element elementor-element-e5b301d\" data-id=\"e5b301d\" data-element_type=\"column\" data-e-type=\"column\">\n\t\t\t<div class=\"elementor-widget-wrap\">\n\t\t\t\t\t\t\t<\/div>\n\t\t<\/div>\n\t\t\t\t<div class=\"elementor-column elementor-col-33 elementor-inner-column elementor-element elementor-element-489be5e\" data-id=\"489be5e\" data-element_type=\"column\" data-e-type=\"column\" data-settings=\"{&quot;background_background&quot;:&quot;classic&quot;}\">\n\t\t\t<div class=\"elementor-widget-wrap elementor-element-populated\">\n\t\t\t\t\t\t<div class=\"elementor-element elementor-element-839d2c5 elementor-invisible elementor-widget elementor-widget-heading\" data-id=\"839d2c5\" data-element_type=\"widget\" data-e-type=\"widget\" data-settings=\"{&quot;_animation&quot;:&quot;fadeInDown&quot;}\" data-widget_type=\"heading.default\">\n\t\t\t\t<div class=\"elementor-widget-container\">\n\t\t\t\t\t<h2 class=\"elementor-heading-title elementor-size-default\">Acerca de <span style=\"color:#F2C014\"> Geerwork <\/span> <\/h2>\t\t\t\t<\/div>\n\t\t\t\t<\/div>\n\t\t\t\t\t<\/div>\n\t\t<\/div>\n\t\t\t\t<div class=\"elementor-column elementor-col-33 elementor-inner-column elementor-element elementor-element-4103ee9\" data-id=\"4103ee9\" data-element_type=\"column\" data-e-type=\"column\">\n\t\t\t<div class=\"elementor-widget-wrap\">\n\t\t\t\t\t\t\t<\/div>\n\t\t<\/div>\n\t\t\t\t\t<\/div>\n\t\t<\/section>\n\t\t\t\t\t<\/div>\n\t\t<\/div>\n\t\t\t\t\t<\/div>\n\t\t<\/section>\n\t\t\t\t<section class=\"elementor-section elementor-top-section elementor-element elementor-element-d6d77da elementor-reverse-mobile elementor-section-boxed elementor-section-height-default elementor-section-height-default\" data-id=\"d6d77da\" data-element_type=\"section\" data-e-type=\"section\" data-settings=\"{&quot;background_background&quot;:&quot;classic&quot;}\">\n\t\t\t\t\t\t<div class=\"elementor-container elementor-column-gap-default\">\n\t\t\t\t\t<div class=\"elementor-column elementor-col-50 elementor-top-column elementor-element elementor-element-c363545\" data-id=\"c363545\" data-element_type=\"column\" data-e-type=\"column\">\n\t\t\t<div class=\"elementor-widget-wrap elementor-element-populated\">\n\t\t\t\t\t\t<div class=\"elementor-element elementor-element-0c4fee3 elementor-widget elementor-widget-image\" data-id=\"0c4fee3\" data-element_type=\"widget\" data-e-type=\"widget\" data-widget_type=\"image.default\">\n\t\t\t\t<div class=\"elementor-widget-container\">\n\t\t\t\t\t\t\t\t\t\t\t\t\t\t\t<img fetchpriority=\"high\" decoding=\"async\" width=\"768\" height=\"768\" src=\"https:\/\/geerwork.com\/wp-content\/uploads\/2024\/12\/\u948c\u94f1\u7535\u6781-01.jpg\" class=\"attachment-medium_large size-medium_large wp-image-52\" alt=\"\" \/>\t\t\t\t\t\t\t\t\t\t\t\t\t\t\t<\/div>\n\t\t\t\t<\/div>\n\t\t\t\t<div class=\"elementor-element elementor-element-eba10a4 elementor-widget elementor-widget-image\" data-id=\"eba10a4\" data-element_type=\"widget\" data-e-type=\"widget\" data-widget_type=\"image.default\">\n\t\t\t\t<div class=\"elementor-widget-container\">\n\t\t\t\t\t\t\t\t\t\t\t\t\t\t\t<img decoding=\"async\" width=\"495\" height=\"400\" src=\"https:\/\/geerwork.com\/wp-content\/uploads\/2024\/12\/Ruthenium-Iridium-Coated-Titanium-Electrode-Assembly-495x400-1.jpg\" class=\"attachment-large size-large wp-image-53\" alt=\"\" \/>\t\t\t\t\t\t\t\t\t\t\t\t\t\t\t<\/div>\n\t\t\t\t<\/div>\n\t\t\t\t\t<\/div>\n\t\t<\/div>\n\t\t\t\t<div class=\"elementor-column elementor-col-50 elementor-top-column elementor-element elementor-element-3c9181b\" data-id=\"3c9181b\" data-element_type=\"column\" data-e-type=\"column\">\n\t\t\t<div class=\"elementor-widget-wrap elementor-element-populated\">\n\t\t\t\t\t\t<div class=\"elementor-element elementor-element-33de8bc elementor-widget elementor-widget-heading\" data-id=\"33de8bc\" data-element_type=\"widget\" data-e-type=\"widget\" data-widget_type=\"heading.default\">\n\t\t\t\t<div class=\"elementor-widget-container\">\n\t\t\t\t\t<h2 class=\"elementor-heading-title elementor-size-default\">Qui\u00e9nes somos<\/h2>\t\t\t\t<\/div>\n\t\t\t\t<\/div>\n\t\t\t\t<div class=\"elementor-element elementor-element-03e3141 elementor-widget elementor-widget-heading\" data-id=\"03e3141\" data-element_type=\"widget\" data-e-type=\"widget\" data-widget_type=\"heading.default\">\n\t\t\t\t<div class=\"elementor-widget-container\">\n\t\t\t\t\t<h2 class=\"elementor-heading-title elementor-size-default\"><span style=\"color:#F2C014\"> Electroqu\u00edmica <\/span> Industria\n\n<\/h2>\t\t\t\t<\/div>\n\t\t\t\t<\/div>\n\t\t\t\t<div class=\"elementor-element elementor-element-773c648 elementor-widget-divider--view-line elementor-widget elementor-widget-divider\" data-id=\"773c648\" data-element_type=\"widget\" data-e-type=\"widget\" data-widget_type=\"divider.default\">\n\t\t\t\t<div class=\"elementor-widget-container\">\n\t\t\t\t\t\t\t<div class=\"elementor-divider\">\n\t\t\t<span class=\"elementor-divider-separator\">\n\t\t\t\t\t\t<\/span>\n\t\t<\/div>\n\t\t\t\t\t\t<\/div>\n\t\t\t\t<\/div>\n\t\t\t\t<div class=\"elementor-element elementor-element-830c6a3 elementor-widget elementor-widget-heading\" data-id=\"830c6a3\" data-element_type=\"widget\" data-e-type=\"widget\" data-widget_type=\"heading.default\">\n\t\t\t\t<div class=\"elementor-widget-container\">\n\t\t\t\t\t<h2 class=\"elementor-heading-title elementor-size-default\">Somos el principal proveedor de China<\/h2>\t\t\t\t<\/div>\n\t\t\t\t<\/div>\n\t\t\t\t<div class=\"elementor-element elementor-element-ae4f85b elementor-widget elementor-widget-heading\" data-id=\"ae4f85b\" data-element_type=\"widget\" data-e-type=\"widget\" data-widget_type=\"heading.default\">\n\t\t\t\t<div class=\"elementor-widget-container\">\n\t\t\t\t\t<p class=\"elementor-heading-title elementor-size-default\">GEERWORK METAL MATERIALS es un proveedor de electrodos de titanio, sus productos se utilizan ampliamente en la industria qu\u00edmica, la metalurgia, el petr\u00f3leo, la medicina textil, la protecci\u00f3n del medio ambiente, el deporte, la marina y otros campos, etc.\n\n<br><br>\n\nLos principales productos son la serie de rutenio con base de titanio, la serie de iridio, la serie de platino y otros \u00e1nodos de titanio. Tras m\u00e1s de 20 a\u00f1os de desarrollo, la empresa ha acumulado una rica experiencia en la producci\u00f3n de \u00e1nodos de titanio y dispone de la tecnolog\u00eda de producci\u00f3n m\u00e1s avanzada. Los \u00e1nodos de titanio producidos con esta tecnolog\u00eda tienen una uni\u00f3n met\u00e1lica m\u00e1s fuerte, pueden transportar una mayor densidad de corriente y mejorar la eficiencia de la corriente.<\/p>\t\t\t\t<\/div>\n\t\t\t\t<\/div>\n\t\t\t\t\t<\/div>\n\t\t<\/div>\n\t\t\t\t\t<\/div>\n\t\t<\/section>\n\t\t\t\t<section class=\"elementor-section elementor-top-section elementor-element elementor-element-63090ab elementor-section-boxed elementor-section-height-default elementor-section-height-default\" data-id=\"63090ab\" data-element_type=\"section\" data-e-type=\"section\">\n\t\t\t\t\t\t<div class=\"elementor-container elementor-column-gap-default\">\n\t\t\t\t\t<div class=\"elementor-column elementor-col-100 elementor-top-column elementor-element elementor-element-4e69222\" data-id=\"4e69222\" data-element_type=\"column\" data-e-type=\"column\">\n\t\t\t<div class=\"elementor-widget-wrap elementor-element-populated\">\n\t\t\t\t\t\t<div class=\"elementor-element elementor-element-d5deda8 elementor-widget elementor-widget-heading\" data-id=\"d5deda8\" data-element_type=\"widget\" data-e-type=\"widget\" data-widget_type=\"heading.default\">\n\t\t\t\t<div class=\"elementor-widget-container\">\n\t\t\t\t\t<p class=\"elementor-heading-title elementor-size-default\">Como proveedor l\u00edder de electrodos de titanio, Geerwork ha experimentado un r\u00e1pido crecimiento en el mercado durante los \u00faltimos cinco a\u00f1os. Como \"empresa de alta tecnolog\u00eda\" con certificaci\u00f3n ISO9001 y nombrada por el gobierno, seguimos invirtiendo en la investigaci\u00f3n y el desarrollo de productos de electrodos de titanio en el campo del tratamiento de aguas.\nEn la actualidad, nuestros productos se han vendido a Estados Unidos, Gran Breta\u00f1a, Alemania, Australia, Sud\u00e1frica, Espa\u00f1a, Brasil, M\u00e9xico, Tailandia, Malasia y otros m\u00e1s de 50 pa\u00edses y regiones. \n\n<br><br>\n\nCreemos que s\u00f3lo un alto grado de dedicaci\u00f3n incondicional, as\u00ed como la b\u00fasqueda incesante de productos de alto rendimiento, con el fin de lograr y cumplir con la calidad y los requisitos del cliente. Con un estricto sistema de garant\u00eda de calidad, nuestros productos tienen defectos significativos de menos de 0,1%. Hasta ahora, nuestros productos pueden ser certificados por NSF,Rohs\". \"Crear valor, mostrar el infinito \",Geerwork continuar\u00e1 centr\u00e1ndose en el campo de electrodos de titanio, bas\u00e1ndose en los logros del pasado, y se esforzar\u00e1 por convertirse en un proveedor de primera clase de electrodos de titanio.\n\n<br><br>\n\nPodemos suministrar miles de productos individuales. Es esta amplitud y variedad de productos lo que nos define como uno de los principales proveedores mundiales de materiales de ingenier\u00eda.<\/p>\t\t\t\t<\/div>\n\t\t\t\t<\/div>\n\t\t\t\t\t<\/div>\n\t\t<\/div>\n\t\t\t\t\t<\/div>\n\t\t<\/section>\n\t\t\t\t<section class=\"elementor-section elementor-top-section elementor-element elementor-element-4386f5d elementor-section-boxed elementor-section-height-default elementor-section-height-default\" data-id=\"4386f5d\" data-element_type=\"section\" data-e-type=\"section\" data-settings=\"{&quot;background_background&quot;:&quot;classic&quot;}\">\n\t\t\t\t\t\t<div class=\"elementor-container elementor-column-gap-default\">\n\t\t\t\t\t<div class=\"elementor-column elementor-col-100 elementor-top-column elementor-element elementor-element-95b0e3b\" data-id=\"95b0e3b\" data-element_type=\"column\" data-e-type=\"column\">\n\t\t\t<div class=\"elementor-widget-wrap elementor-element-populated\">\n\t\t\t\t\t\t<div class=\"elementor-element elementor-element-9dcfda9 elementor-widget elementor-widget-heading\" data-id=\"9dcfda9\" data-element_type=\"widget\" data-e-type=\"widget\" data-widget_type=\"heading.default\">\n\t\t\t\t<div class=\"elementor-widget-container\">\n\t\t\t\t\t<h2 class=\"elementor-heading-title elementor-size-default\">Nuestro n\u00facleo  <span style=\"color:#F2C014\"> Competencias <\/span>\n\n<\/h2>\t\t\t\t<\/div>\n\t\t\t\t<\/div>\n\t\t\t\t<div class=\"elementor-element elementor-element-169e703 elementor-widget-divider--view-line elementor-widget elementor-widget-divider\" data-id=\"169e703\" data-element_type=\"widget\" data-e-type=\"widget\" data-widget_type=\"divider.default\">\n\t\t\t\t<div class=\"elementor-widget-container\">\n\t\t\t\t\t\t\t<div class=\"elementor-divider\">\n\t\t\t<span class=\"elementor-divider-separator\">\n\t\t\t\t\t\t<\/span>\n\t\t<\/div>\n\t\t\t\t\t\t<\/div>\n\t\t\t\t<\/div>\n\t\t\t\t<section class=\"elementor-section elementor-inner-section elementor-element elementor-element-82c48a1 elementor-section-boxed elementor-section-height-default elementor-section-height-default\" data-id=\"82c48a1\" data-element_type=\"section\" data-e-type=\"section\">\n\t\t\t\t\t\t<div class=\"elementor-container elementor-column-gap-default\">\n\t\t\t\t\t<div class=\"elementor-column elementor-col-33 elementor-inner-column elementor-element elementor-element-49f981b\" data-id=\"49f981b\" data-element_type=\"column\" data-e-type=\"column\">\n\t\t\t<div class=\"elementor-widget-wrap elementor-element-populated\">\n\t\t\t\t\t\t<div class=\"elementor-element elementor-element-006021f elementor-widget elementor-widget-image-box\" data-id=\"006021f\" data-element_type=\"widget\" data-e-type=\"widget\" data-widget_type=\"image-box.default\">\n\t\t\t\t<div class=\"elementor-widget-container\">\n\t\t\t\t\t<div class=\"elementor-image-box-wrapper\"><div class=\"elementor-image-box-content\"><h3 class=\"elementor-image-box-title\">M\u00e1s <span style=\"color:#F2C014\">Precios competitivos<\/span><\/h3><p class=\"elementor-image-box-description\">En GeerWork, obtendr\u00e1 los productos que desee a los precios m\u00e1s competitivos. Hemos establecido sistemas perfectos de SCM (gesti\u00f3n de la cadena de suministro) y LP (producci\u00f3n ajustada) para reducir costes. Siempre estamos en la b\u00fasqueda de la producci\u00f3n en masa de alta eficiencia y la gesti\u00f3n cient\u00edfica. Por lo tanto, podemos garantizarle la m\u00e1xima calidad de los productos con los precios m\u00e1s bajos.<\/p><\/div><\/div>\t\t\t\t<\/div>\n\t\t\t\t<\/div>\n\t\t\t\t\t<\/div>\n\t\t<\/div>\n\t\t\t\t<div class=\"elementor-column elementor-col-33 elementor-inner-column elementor-element elementor-element-cb0e132\" data-id=\"cb0e132\" data-element_type=\"column\" data-e-type=\"column\">\n\t\t\t<div class=\"elementor-widget-wrap elementor-element-populated\">\n\t\t\t\t\t\t<div class=\"elementor-element elementor-element-106683b elementor-widget elementor-widget-image-box\" data-id=\"106683b\" data-element_type=\"widget\" data-e-type=\"widget\" data-widget_type=\"image-box.default\">\n\t\t\t\t<div class=\"elementor-widget-container\">\n\t\t\t\t\t<div class=\"elementor-image-box-wrapper\"><div class=\"elementor-image-box-content\"><h3 class=\"elementor-image-box-title\"><span style=\"color:#F2C014\">Producci\u00f3n<\/span> L\u00ednea<\/h3><p class=\"elementor-image-box-description\">GeerWork dispone de un conjunto completo de instalaciones de producci\u00f3n y transformaci\u00f3n: Equipos de producci\u00f3n como m\u00e1quinas de prensado isost\u00e1tico en fr\u00edo (CIP), m\u00e1quinas de prensado isost\u00e1tico en caliente (HIP), horno de fusi\u00f3n por inducci\u00f3n en vac\u00edo, horno de sinterizaci\u00f3n en vac\u00edo, horno de destilaci\u00f3n en vac\u00edo, horno de prensado en caliente en vac\u00edo, horno de sinterizaci\u00f3n a alta temperatura y otros hornos para la producci\u00f3n de todo tipo de metales. M\u00e1quinas de moldeo en fr\u00edo, equipos de desbastado al vac\u00edo, tornos, rectificadoras, cortadoras de hilo y otros equipos para la conformaci\u00f3n y mecanizado de materiales.<\/p><\/div><\/div>\t\t\t\t<\/div>\n\t\t\t\t<\/div>\n\t\t\t\t\t<\/div>\n\t\t<\/div>\n\t\t\t\t<div class=\"elementor-column elementor-col-33 elementor-inner-column elementor-element elementor-element-04fca26\" data-id=\"04fca26\" data-element_type=\"column\" data-e-type=\"column\">\n\t\t\t<div class=\"elementor-widget-wrap elementor-element-populated\">\n\t\t\t\t\t\t<div class=\"elementor-element elementor-element-fe1cea4 elementor-widget elementor-widget-image-box\" data-id=\"fe1cea4\" data-element_type=\"widget\" data-e-type=\"widget\" data-widget_type=\"image-box.default\">\n\t\t\t\t<div class=\"elementor-widget-container\">\n\t\t\t\t\t<div class=\"elementor-image-box-wrapper\"><div class=\"elementor-image-box-content\"><h3 class=\"elementor-image-box-title\"><span style=\"color:#F2C014\">Calidad <\/span>Controlar <\/h3><p class=\"elementor-image-box-description\">Llevamos a cabo un estricto sistema de control de calidad y aplicamos diferentes instrumentos y m\u00e9todos durante el proceso de fabricaci\u00f3n, incluidos dispositivos de inspecci\u00f3n de elementos qu\u00edmicos, equipos de pruebas mec\u00e1nicas, instrumentos manuales de detecci\u00f3n por ultrasonidos\/m\u00e1quina de pruebas de presi\u00f3n hidr\u00e1ulica\/instalaciones de sondeo\/m\u00e1quina de pruebas de corrientes de Foucault\/m\u00e1quina de pruebas de dureza\/medici\u00f3n de dimensiones y otros, que pueden garantizar que cada paso se ha realizado a la perfecci\u00f3n.\nGeerWork proporciona productos de acuerdo con las especificaciones ASTM, ASME, MIL, AMS, DMS, AWS y JIS.<\/p><\/div><\/div>\t\t\t\t<\/div>\n\t\t\t\t<\/div>\n\t\t\t\t\t<\/div>\n\t\t<\/div>\n\t\t\t\t\t<\/div>\n\t\t<\/section>\n\t\t\t\t\t<\/div>\n\t\t<\/div>\n\t\t\t\t\t<\/div>\n\t\t<\/section>\n\t\t\t\t<\/div>","protected":false},"excerpt":{"rendered":"<p>About Geerwork About Us Electrochemical Industry We are the China\u2019s leading supplier GEERWORK METAL MATERIALS is a titanium electrode supplier, [&hellip;]<\/p>\n","protected":false},"author":1,"featured_media":0,"parent":0,"menu_order":0,"comment_status":"closed","ping_status":"closed","template":"","meta":{"_monsterinsights_skip_tracking":false,"_monsterinsights_sitenote_active":false,"_monsterinsights_sitenote_note":"","_monsterinsights_sitenote_category":0,"site-sidebar-layout":"no-sidebar","site-content-layout":"","ast-site-content-layout":"full-width-container","site-content-style":"default","site-sidebar-style":"default","ast-global-header-display":"","ast-banner-title-visibility":"","ast-main-header-display":"","ast-hfb-above-header-display":"","ast-hfb-below-header-display":"","ast-hfb-mobile-header-display":"","site-post-title":"disabled","ast-breadcrumbs-content":"","ast-featured-img":"disabled","footer-sml-layout":"","theme-transparent-header-meta":"","adv-header-id-meta":"","stick-header-meta":"","header-above-stick-meta":"","header-main-stick-meta":"","header-below-stick-meta":"","astra-migrate-meta-layouts":"default","ast-page-background-enabled":"default","ast-page-background-meta":{"desktop":{"background-color":"var(--ast-global-color-4)","background-image":"","background-repeat":"repeat","background-position":"center center","background-size":"auto","background-attachment":"scroll","background-type":"","background-media":"","overlay-type":"","overlay-color":"","overlay-opacity":"","overlay-gradient":""},"tablet":{"background-color":"","background-image":"","background-repeat":"repeat","background-position":"center center","background-size":"auto","background-attachment":"scroll","background-type":"","background-media":"","overlay-type":"","overlay-color":"","overlay-opacity":"","overlay-gradient":""},"mobile":{"background-color":"","background-image":"","background-repeat":"repeat","background-position":"center center","background-size":"auto","background-attachment":"scroll","background-type":"","background-media":"","overlay-type":"","overlay-color":"","overlay-opacity":"","overlay-gradient":""}},"ast-content-background-meta":{"desktop":{"background-color":"var(--ast-global-color-5)","background-image":"","background-repeat":"repeat","background-position":"center center","background-size":"auto","background-attachment":"scroll","background-type":"","background-media":"","overlay-type":"","overlay-color":"","overlay-opacity":"","overlay-gradient":""},"tablet":{"background-color":"var(--ast-global-color-5)","background-image":"","background-repeat":"repeat","background-position":"center center","background-size":"auto","background-attachment":"scroll","background-type":"","background-media":"","overlay-type":"","overlay-color":"","overlay-opacity":"","overlay-gradient":""},"mobile":{"background-color":"var(--ast-global-color-5)","background-image":"","background-repeat":"repeat","background-position":"center center","background-size":"auto","background-attachment":"scroll","background-type":"","background-media":"","overlay-type":"","overlay-color":"","overlay-opacity":"","overlay-gradient":""}},"footnotes":""},"class_list":["post-110","page","type-page","status-publish","hentry"],"_links":{"self":[{"href":"https:\/\/geerwork.com\/es\/wp-json\/wp\/v2\/pages\/110","targetHints":{"allow":["GET"]}}],"collection":[{"href":"https:\/\/geerwork.com\/es\/wp-json\/wp\/v2\/pages"}],"about":[{"href":"https:\/\/geerwork.com\/es\/wp-json\/wp\/v2\/types\/page"}],"author":[{"embeddable":true,"href":"https:\/\/geerwork.com\/es\/wp-json\/wp\/v2\/users\/1"}],"replies":[{"embeddable":true,"href":"https:\/\/geerwork.com\/es\/wp-json\/wp\/v2\/comments?post=110"}],"version-history":[{"count":26,"href":"https:\/\/geerwork.com\/es\/wp-json\/wp\/v2\/pages\/110\/revisions"}],"predecessor-version":[{"id":1178,"href":"https:\/\/geerwork.com\/es\/wp-json\/wp\/v2\/pages\/110\/revisions\/1178"}],"wp:attachment":[{"href":"https:\/\/geerwork.com\/es\/wp-json\/wp\/v2\/media?parent=110"}],"curies":[{"name":"wp","href":"https:\/\/api.w.org\/{rel}","templated":true}]}}