{"id":194,"date":"2024-12-16T10:17:22","date_gmt":"2024-12-16T10:17:22","guid":{"rendered":"https:\/\/geerwork.com\/?page_id=194"},"modified":"2024-12-24T09:41:55","modified_gmt":"2024-12-24T09:41:55","slug":"klarung-von-abwasser","status":"publish","type":"page","link":"https:\/\/geerwork.com\/de\/klarung-von-abwasser\/","title":{"rendered":"Behandlung von Abw\u00e4ssern"},"content":{"rendered":"<div data-elementor-type=\"wp-page\" data-elementor-id=\"194\" class=\"elementor elementor-194\" data-elementor-post-type=\"page\">\n\t\t\t\t\t\t<section class=\"elementor-section elementor-top-section elementor-element elementor-element-b18b407 elementor-section-full_width elementor-section-height-min-height elementor-section-height-default elementor-section-items-middle\" data-id=\"b18b407\" data-element_type=\"section\" data-settings=\"{&quot;background_background&quot;:&quot;classic&quot;}\">\n\t\t\t\t\t\t\t<div class=\"elementor-background-overlay\"><\/div>\n\t\t\t\t\t\t\t<div class=\"elementor-container elementor-column-gap-default\">\n\t\t\t\t\t<div class=\"elementor-column elementor-col-100 elementor-top-column elementor-element elementor-element-2915994\" data-id=\"2915994\" data-element_type=\"column\">\n\t\t\t<div class=\"elementor-widget-wrap\">\n\t\t\t\t\t\t\t<\/div>\n\t\t<\/div>\n\t\t\t\t\t<\/div>\n\t\t<\/section>\n\t\t\t\t<section class=\"elementor-section elementor-top-section elementor-element elementor-element-fe900d1 elementor-reverse-mobile elementor-section-boxed elementor-section-height-default elementor-section-height-default\" data-id=\"fe900d1\" data-element_type=\"section\">\n\t\t\t\t\t\t<div class=\"elementor-container elementor-column-gap-default\">\n\t\t\t\t\t<div class=\"elementor-column elementor-col-50 elementor-top-column elementor-element elementor-element-81e53af\" data-id=\"81e53af\" data-element_type=\"column\">\n\t\t\t<div class=\"elementor-widget-wrap elementor-element-populated\">\n\t\t\t\t\t\t<div class=\"elementor-element elementor-element-a268e88 elementor-widget elementor-widget-shortcode\" data-id=\"a268e88\" data-element_type=\"widget\" data-widget_type=\"shortcode.default\">\n\t\t\t\t<div class=\"elementor-widget-container\">\n\t\t\t\t\t\t\t<div class=\"elementor-shortcode\">\t\t<div data-elementor-type=\"section\" data-elementor-id=\"418\" class=\"elementor elementor-418\" data-elementor-post-type=\"elementor_library\">\n\t\t\t\t\t<section class=\"elementor-section elementor-top-section elementor-element elementor-element-c3c5969 elementor-section-boxed elementor-section-height-default elementor-section-height-default\" data-id=\"c3c5969\" data-element_type=\"section\">\n\t\t\t\t\t\t<div class=\"elementor-container elementor-column-gap-default\">\n\t\t\t\t\t<div class=\"elementor-column elementor-col-100 elementor-top-column elementor-element elementor-element-1e36d69\" data-id=\"1e36d69\" data-element_type=\"column\">\n\t\t\t<div class=\"elementor-widget-wrap elementor-element-populated\">\n\t\t\t\t\t\t<div class=\"elementor-element elementor-element-8fc6109 elementor-widget elementor-widget-heading\" data-id=\"8fc6109\" data-element_type=\"widget\" data-widget_type=\"heading.default\">\n\t\t\t\t<div class=\"elementor-widget-container\">\n\t\t\t\t\t<h2 class=\"elementor-heading-title elementor-size-default\">Unser <span style=\"color:#F2C014\"> Produkte <\/span> <\/h2>\t\t\t\t<\/div>\n\t\t\t\t<\/div>\n\t\t\t\t<div class=\"elementor-element elementor-element-5b13a64 premium-nav-ver premium-ham-slide premium-slide-auto premium-vertical-right premium-nav-none elementor-widget elementor-widget-premium-nav-menu\" data-id=\"5b13a64\" data-element_type=\"widget\" data-settings=\"{&quot;submenu_icon&quot;:{&quot;value&quot;:&quot;fas fa-angle-down&quot;,&quot;library&quot;:&quot;fa-solid&quot;},&quot;submenu_item_icon&quot;:{&quot;value&quot;:&quot;&quot;,&quot;library&quot;:&quot;&quot;}}\" data-widget_type=\"premium-nav-menu.default\">\n\t\t\t\t<div class=\"elementor-widget-container\">\n\t\t\t\t\t\t\t\t<div data-settings=\"{&quot;breakpoint&quot;:0,&quot;mobileLayout&quot;:&quot;slide&quot;,&quot;mainLayout&quot;:&quot;ver&quot;,&quot;stretchDropdown&quot;:false,&quot;hoverEffect&quot;:&quot;&quot;,&quot;submenuEvent&quot;:&quot;hover&quot;,&quot;submenuTrigger&quot;:&quot;item&quot;,&quot;closeAfterClick&quot;:false,&quot;renderMobileMenu&quot;:true}\" class=\"premium-nav-widget-container premium-nav-pointer-background premium-nav-animation-grow\">\n\t\t\t\t<div class=\"premium-ver-inner-container\">\n\t\t\t\t\t\t\t\t\t<div class=\"premium-hamburger-toggle premium-mobile-menu-icon\" role=\"button\" aria-label=\"Men\u00fc umschalten\">\n\t\t\t\t\t\t<span class=\"premium-toggle-text\">\n\t\t\t\t\t\t\t<i aria-hidden=\"true\" class=\"fas fa-bars\"><\/i>Men\u00fc\t\t\t\t\t\t<\/span>\n\t\t\t\t\t\t<span class=\"premium-toggle-close\">\n\t\t\t\t\t\t\t<i aria-hidden=\"true\" class=\"fas fa-times\"><\/i>Schlie\u00dfen Sie\t\t\t\t\t\t<\/span>\n\t\t\t\t\t<\/div>\n\t\t\t\t\t\t\t\t\t\t\t\t<div class=\"premium-nav-menu-container premium-nav-default\">\n\t\t\t\t\t\t\t\t<ul id=\"menu-product-categories\" class=\"premium-nav-menu premium-main-nav-menu\"><li id=\"premium-nav-menu-item-414\" class=\"menu-item menu-item-type-post_type menu-item-object-page premium-nav-menu-item\"><a href=\"https:\/\/geerwork.com\/de\/natriumhypochlorit-generator\/\" class=\"menu-link premium-menu-link premium-menu-link-parent premium-lq__none\">Natriumhypochlorit-Generator<\/a><\/li>\n<li id=\"premium-nav-menu-item-406\" class=\"menu-item menu-item-type-post_type menu-item-object-page premium-nav-menu-item\"><a href=\"https:\/\/geerwork.com\/de\/kathodischer-schutz\/\" class=\"menu-link premium-menu-link premium-menu-link-parent premium-lq__none\">Kathodischer Schutz<\/a><\/li>\n<li id=\"premium-nav-menu-item-409\" class=\"menu-item menu-item-type-post_type menu-item-object-page premium-nav-menu-item\"><a href=\"https:\/\/geerwork.com\/de\/elektroabscheidung-von-metallen\/\" class=\"menu-link premium-menu-link premium-menu-link-parent premium-lq__none\">Galvanische Abscheidung von Metallen<\/a><\/li>\n<li id=\"premium-nav-menu-item-413\" class=\"menu-item menu-item-type-post_type menu-item-object-page premium-nav-menu-item\"><a href=\"https:\/\/geerwork.com\/de\/klarung-von-abwasser\/\" class=\"menu-link premium-menu-link premium-menu-link-parent premium-lq__none\">Behandlung von Abw\u00e4ssern<\/a><\/li>\n<li id=\"premium-nav-menu-item-410\" class=\"menu-item menu-item-type-post_type menu-item-object-page premium-nav-menu-item\"><a href=\"https:\/\/geerwork.com\/de\/galvanik\/\" class=\"menu-link premium-menu-link premium-menu-link-parent premium-lq__none\">Galvanik<\/a><\/li>\n<li id=\"premium-nav-menu-item-412\" class=\"menu-item menu-item-type-post_type menu-item-object-page premium-nav-menu-item\"><a href=\"https:\/\/geerwork.com\/de\/wasserstoffgenerator\/\" class=\"menu-link premium-menu-link premium-menu-link-parent premium-lq__none\">Wasserstoff-Generator<\/a><\/li>\n<li id=\"premium-nav-menu-item-407\" class=\"menu-item menu-item-type-post_type menu-item-object-page premium-nav-menu-item\"><a href=\"https:\/\/geerwork.com\/de\/entsalzung-von-meerwasser\/\" class=\"menu-link premium-menu-link premium-menu-link-parent premium-lq__none\">Entsalzung von Meerwasser<\/a><\/li>\n<li id=\"premium-nav-menu-item-408\" class=\"menu-item menu-item-type-post_type menu-item-object-page premium-nav-menu-item\"><a href=\"https:\/\/geerwork.com\/de\/desinfektion-von-schwimmbadern\/\" class=\"menu-link premium-menu-link premium-menu-link-parent premium-lq__none\">Desinfektion von Schwimmb\u00e4dern<\/a><\/li>\n<li id=\"premium-nav-menu-item-411\" class=\"menu-item menu-item-type-post_type menu-item-object-page premium-nav-menu-item\"><a href=\"https:\/\/geerwork.com\/de\/atzlosung-zur-ruckgewinnung\/\" class=\"menu-link premium-menu-link premium-menu-link-parent premium-lq__none\">\u00c4tzl\u00f6sung zur Wiederherstellung<\/a><\/li>\n<\/ul>\t\t\t\t\t\t\t<\/div>\n\t\t\t\t\t\t\t\t\t\t\t\t<div class=\"premium-nav-slide-overlay\"><\/div>\n\t\t\t\t\t\t<div class=\"premium-mobile-menu-outer-container\">\n\t\t\t\t\t\t\t<div class=\"premium-mobile-menu-close\" role=\"button\" aria-label=\"Men\u00fc schlie\u00dfen\">\n\t\t\t\t\t\t\t<i aria-hidden=\"true\" class=\"fas fa-times\"><\/i>\t\t\t\t\t\t\t\t<span class=\"premium-toggle-close\">Schlie\u00dfen Sie<\/span>\n\t\t\t\t\t\t<\/div>\n\t\t\t\t\t\t\t\t\t\t\t\t<div class=\"premium-mobile-menu-container\">\n\t\t\t\t\t\t\t\t\t\t\t\t\t\t\t\t<ul id=\"menu-product-categories-1\" class=\"premium-mobile-menu premium-main-mobile-menu premium-main-nav-menu\"><li id=\"premium-nav-menu-item-4141\" class=\"menu-item menu-item-type-post_type menu-item-object-page premium-nav-menu-item\"><a href=\"https:\/\/geerwork.com\/de\/natriumhypochlorit-generator\/\" class=\"menu-link premium-menu-link premium-menu-link-parent premium-lq__none\">Natriumhypochlorit-Generator<\/a><\/li>\n<li id=\"premium-nav-menu-item-4062\" class=\"menu-item menu-item-type-post_type menu-item-object-page premium-nav-menu-item\"><a href=\"https:\/\/geerwork.com\/de\/kathodischer-schutz\/\" class=\"menu-link premium-menu-link premium-menu-link-parent premium-lq__none\">Kathodischer Schutz<\/a><\/li>\n<li id=\"premium-nav-menu-item-4093\" class=\"menu-item menu-item-type-post_type menu-item-object-page premium-nav-menu-item\"><a href=\"https:\/\/geerwork.com\/de\/elektroabscheidung-von-metallen\/\" class=\"menu-link premium-menu-link premium-menu-link-parent premium-lq__none\">Galvanische Abscheidung von Metallen<\/a><\/li>\n<li id=\"premium-nav-menu-item-4134\" class=\"menu-item menu-item-type-post_type menu-item-object-page premium-nav-menu-item\"><a href=\"https:\/\/geerwork.com\/de\/klarung-von-abwasser\/\" class=\"menu-link premium-menu-link premium-menu-link-parent premium-lq__none\">Behandlung von Abw\u00e4ssern<\/a><\/li>\n<li id=\"premium-nav-menu-item-4105\" class=\"menu-item menu-item-type-post_type menu-item-object-page premium-nav-menu-item\"><a href=\"https:\/\/geerwork.com\/de\/galvanik\/\" class=\"menu-link premium-menu-link premium-menu-link-parent premium-lq__none\">Galvanik<\/a><\/li>\n<li id=\"premium-nav-menu-item-4126\" class=\"menu-item menu-item-type-post_type menu-item-object-page premium-nav-menu-item\"><a href=\"https:\/\/geerwork.com\/de\/wasserstoffgenerator\/\" class=\"menu-link premium-menu-link premium-menu-link-parent premium-lq__none\">Wasserstoff-Generator<\/a><\/li>\n<li id=\"premium-nav-menu-item-4077\" class=\"menu-item menu-item-type-post_type menu-item-object-page premium-nav-menu-item\"><a href=\"https:\/\/geerwork.com\/de\/entsalzung-von-meerwasser\/\" class=\"menu-link premium-menu-link premium-menu-link-parent premium-lq__none\">Entsalzung von Meerwasser<\/a><\/li>\n<li id=\"premium-nav-menu-item-4088\" class=\"menu-item menu-item-type-post_type menu-item-object-page premium-nav-menu-item\"><a href=\"https:\/\/geerwork.com\/de\/desinfektion-von-schwimmbadern\/\" class=\"menu-link premium-menu-link premium-menu-link-parent premium-lq__none\">Desinfektion von Schwimmb\u00e4dern<\/a><\/li>\n<li id=\"premium-nav-menu-item-4119\" class=\"menu-item menu-item-type-post_type menu-item-object-page premium-nav-menu-item\"><a href=\"https:\/\/geerwork.com\/de\/atzlosung-zur-ruckgewinnung\/\" class=\"menu-link premium-menu-link premium-menu-link-parent premium-lq__none\">\u00c4tzl\u00f6sung zur Wiederherstellung<\/a><\/li>\n<\/ul>\t\t\t\t\t\t\t\t\t\t\t\t\t\t\t<\/div>\n\t\t\t\t\t<\/div>\t\t\t\t<\/div>\n\t\t\t<\/div>\n\t\t\t\t\t\t<\/div>\n\t\t\t\t<\/div>\n\t\t\t\t\t<\/div>\n\t\t<\/div>\n\t\t\t\t\t<\/div>\n\t\t<\/section>\n\t\t\t\t<\/div>\n\t\t<\/div>\n\t\t\t\t\t\t<\/div>\n\t\t\t\t<\/div>\n\t\t\t\t\t<\/div>\n\t\t<\/div>\n\t\t\t\t<div class=\"elementor-column elementor-col-50 elementor-top-column elementor-element elementor-element-82d3174\" data-id=\"82d3174\" data-element_type=\"column\">\n\t\t\t<div class=\"elementor-widget-wrap elementor-element-populated\">\n\t\t\t\t\t\t<div class=\"elementor-element elementor-element-95c0fd6 elementor-widget elementor-widget-heading\" data-id=\"95c0fd6\" data-element_type=\"widget\" data-widget_type=\"heading.default\">\n\t\t\t\t<div class=\"elementor-widget-container\">\n\t\t\t\t\t<h2 class=\"elementor-heading-title elementor-size-default\">Behandlung von Abw\u00e4ssern<\/h2>\t\t\t\t<\/div>\n\t\t\t\t<\/div>\n\t\t\t\t<section class=\"elementor-section elementor-inner-section elementor-element elementor-element-d46235f elementor-section-boxed elementor-section-height-default elementor-section-height-default\" data-id=\"d46235f\" data-element_type=\"section\">\n\t\t\t\t\t\t<div class=\"elementor-container elementor-column-gap-default\">\n\t\t\t\t\t<div class=\"elementor-column elementor-col-50 elementor-inner-column elementor-element elementor-element-d091a19\" data-id=\"d091a19\" data-element_type=\"column\">\n\t\t\t<div class=\"elementor-widget-wrap elementor-element-populated\">\n\t\t\t\t\t\t<div class=\"elementor-element elementor-element-6e0b1ad elementor-widget elementor-widget-image\" data-id=\"6e0b1ad\" data-element_type=\"widget\" data-widget_type=\"image.default\">\n\t\t\t\t<div class=\"elementor-widget-container\">\n\t\t\t\t\t\t\t\t\t\t\t\t\t\t\t<img fetchpriority=\"high\" decoding=\"async\" width=\"336\" height=\"220\" src=\"https:\/\/geerwork.com\/wp-content\/uploads\/2024\/12\/20201217161229kiMa2E.jpg\" class=\"attachment-medium_large size-medium_large wp-image-190\" alt=\"\" \/>\t\t\t\t\t\t\t\t\t\t\t\t\t\t\t<\/div>\n\t\t\t\t<\/div>\n\t\t\t\t\t<\/div>\n\t\t<\/div>\n\t\t\t\t<div class=\"elementor-column elementor-col-50 elementor-inner-column elementor-element elementor-element-ca2754e\" data-id=\"ca2754e\" data-element_type=\"column\">\n\t\t\t<div class=\"elementor-widget-wrap elementor-element-populated\">\n\t\t\t\t\t\t<div class=\"elementor-element elementor-element-e0604c8 elementor-widget elementor-widget-heading\" data-id=\"e0604c8\" data-element_type=\"widget\" data-widget_type=\"heading.default\">\n\t\t\t\t<div class=\"elementor-widget-container\">\n\t\t\t\t\t<h2 class=\"elementor-heading-title elementor-size-default\"><a href=\"https:\/\/geerwork.com\/de\/mmo-beschichtete-titananode-fur-die-abwasserbehandlung\/\">MMO-beschichtete Titananode f\u00fcr die Abwasserbehandlung<\/a><\/h2>\t\t\t\t<\/div>\n\t\t\t\t<\/div>\n\t\t\t\t<div class=\"elementor-element elementor-element-20c23a1 elementor-widget elementor-widget-heading\" data-id=\"20c23a1\" data-element_type=\"widget\" data-widget_type=\"heading.default\">\n\t\t\t\t<div class=\"elementor-widget-container\">\n\t\t\t\t\t<p class=\"elementor-heading-title elementor-size-default\">Titanelektroden k\u00f6nnen zur Behandlung von h\u00e4uslichem Abwasser, Industriewasser und Fabrikabw\u00e4ssern verwendet werden.  Bei der Wasseraufbereitung durch Elektrolyse ist kein Zusatz von Chemikalien erforderlich, die Anlage ist klein und verursacht keine Sekund\u00e4rverschmutzung. <\/p>\t\t\t\t<\/div>\n\t\t\t\t<\/div>\n\t\t\t\t<div class=\"elementor-element elementor-element-6973475 elementor-button-info elementor-widget__width-initial elementor-widget elementor-widget-button\" data-id=\"6973475\" data-element_type=\"widget\" data-widget_type=\"button.default\">\n\t\t\t\t<div class=\"elementor-widget-container\">\n\t\t\t\t\t\t\t\t\t<div class=\"elementor-button-wrapper\">\n\t\t\t\t\t<a class=\"elementor-button elementor-button-link elementor-size-sm\" href=\"https:\/\/geerwork.com\/de\/mmo-beschichtete-titananode-fur-die-abwasserbehandlung\/\">\n\t\t\t\t\t\t<span class=\"elementor-button-content-wrapper\">\n\t\t\t\t\t\t\t\t\t<span class=\"elementor-button-text\">Mehr lesen<\/span>\n\t\t\t\t\t<\/span>\n\t\t\t\t\t<\/a>\n\t\t\t\t<\/div>\n\t\t\t\t\t\t\t\t<\/div>\n\t\t\t\t<\/div>\n\t\t\t\t<div class=\"elementor-element elementor-element-0982b68 elementor-button-info elementor-widget__width-initial elementor-widget elementor-widget-button\" data-id=\"0982b68\" data-element_type=\"widget\" data-widget_type=\"button.default\">\n\t\t\t\t<div class=\"elementor-widget-container\">\n\t\t\t\t\t\t\t\t\t<div class=\"elementor-button-wrapper\">\n\t\t\t\t\t<a class=\"elementor-button elementor-button-link elementor-size-sm\" href=\"#\">\n\t\t\t\t\t\t<span class=\"elementor-button-content-wrapper\">\n\t\t\t\t\t\t\t\t\t<span class=\"elementor-button-text\">Anfrage<\/span>\n\t\t\t\t\t<\/span>\n\t\t\t\t\t<\/a>\n\t\t\t\t<\/div>\n\t\t\t\t\t\t\t\t<\/div>\n\t\t\t\t<\/div>\n\t\t\t\t\t<\/div>\n\t\t<\/div>\n\t\t\t\t\t<\/div>\n\t\t<\/section>\n\t\t\t\t\t<\/div>\n\t\t<\/div>\n\t\t\t\t\t<\/div>\n\t\t<\/section>\n\t\t\t\t<\/div>","protected":false},"excerpt":{"rendered":"<p>Sewage Treatment MMO coated titanium anode for sewage treatment Titanium electrodes can be used to treat domestic sewage, industrial water, [&hellip;]<\/p>","protected":false},"author":1,"featured_media":0,"parent":0,"menu_order":0,"comment_status":"closed","ping_status":"closed","template":"","meta":{"_monsterinsights_skip_tracking":false,"_monsterinsights_sitenote_active":false,"_monsterinsights_sitenote_note":"","_monsterinsights_sitenote_category":0,"site-sidebar-layout":"no-sidebar","site-content-layout":"","ast-site-content-layout":"full-width-container","site-content-style":"default","site-sidebar-style":"default","ast-global-header-display":"","ast-banner-title-visibility":"","ast-main-header-display":"","ast-hfb-above-header-display":"","ast-hfb-below-header-display":"","ast-hfb-mobile-header-display":"","site-post-title":"disabled","ast-breadcrumbs-content":"","ast-featured-img":"disabled","footer-sml-layout":"","theme-transparent-header-meta":"","adv-header-id-meta":"","stick-header-meta":"","header-above-stick-meta":"","header-main-stick-meta":"","header-below-stick-meta":"","astra-migrate-meta-layouts":"default","ast-page-background-enabled":"default","ast-page-background-meta":{"desktop":{"background-color":"var(--ast-global-color-4)","background-image":"","background-repeat":"repeat","background-position":"center center","background-size":"auto","background-attachment":"scroll","background-type":"","background-media":"","overlay-type":"","overlay-color":"","overlay-opacity":"","overlay-gradient":""},"tablet":{"background-color":"","background-image":"","background-repeat":"repeat","background-position":"center center","background-size":"auto","background-attachment":"scroll","background-type":"","background-media":"","overlay-type":"","overlay-color":"","overlay-opacity":"","overlay-gradient":""},"mobile":{"background-color":"","background-image":"","background-repeat":"repeat","background-position":"center center","background-size":"auto","background-attachment":"scroll","background-type":"","background-media":"","overlay-type":"","overlay-color":"","overlay-opacity":"","overlay-gradient":""}},"ast-content-background-meta":{"desktop":{"background-color":"var(--ast-global-color-5)","background-image":"","background-repeat":"repeat","background-position":"center center","background-size":"auto","background-attachment":"scroll","background-type":"","background-media":"","overlay-type":"","overlay-color":"","overlay-opacity":"","overlay-gradient":""},"tablet":{"background-color":"var(--ast-global-color-5)","background-image":"","background-repeat":"repeat","background-position":"center center","background-size":"auto","background-attachment":"scroll","background-type":"","background-media":"","overlay-type":"","overlay-color":"","overlay-opacity":"","overlay-gradient":""},"mobile":{"background-color":"var(--ast-global-color-5)","background-image":"","background-repeat":"repeat","background-position":"center center","background-size":"auto","background-attachment":"scroll","background-type":"","background-media":"","overlay-type":"","overlay-color":"","overlay-opacity":"","overlay-gradient":""}},"footnotes":""},"class_list":["post-194","page","type-page","status-publish","hentry"],"_links":{"self":[{"href":"https:\/\/geerwork.com\/de\/wp-json\/wp\/v2\/pages\/194","targetHints":{"allow":["GET"]}}],"collection":[{"href":"https:\/\/geerwork.com\/de\/wp-json\/wp\/v2\/pages"}],"about":[{"href":"https:\/\/geerwork.com\/de\/wp-json\/wp\/v2\/types\/page"}],"author":[{"embeddable":true,"href":"https:\/\/geerwork.com\/de\/wp-json\/wp\/v2\/users\/1"}],"replies":[{"embeddable":true,"href":"https:\/\/geerwork.com\/de\/wp-json\/wp\/v2\/comments?post=194"}],"version-history":[{"count":16,"href":"https:\/\/geerwork.com\/de\/wp-json\/wp\/v2\/pages\/194\/revisions"}],"predecessor-version":[{"id":849,"href":"https:\/\/geerwork.com\/de\/wp-json\/wp\/v2\/pages\/194\/revisions\/849"}],"wp:attachment":[{"href":"https:\/\/geerwork.com\/de\/wp-json\/wp\/v2\/media?parent=194"}],"curies":[{"name":"wp","href":"https:\/\/api.w.org\/{rel}","templated":true}]}}