{"id":110,"date":"2024-12-14T10:29:03","date_gmt":"2024-12-14T10:29:03","guid":{"rendered":"https:\/\/geerwork.com\/?page_id=110"},"modified":"2024-12-27T03:04:49","modified_gmt":"2024-12-27T03:04:49","slug":"uber","status":"publish","type":"page","link":"https:\/\/geerwork.com\/de\/uber\/","title":{"rendered":"\u00dcber"},"content":{"rendered":"<div data-elementor-type=\"wp-page\" data-elementor-id=\"110\" class=\"elementor elementor-110\" data-elementor-post-type=\"page\">\n\t\t\t\t\t\t<section class=\"elementor-section elementor-top-section elementor-element elementor-element-0e850e1 elementor-section-full_width elementor-section-height-min-height elementor-section-height-default elementor-section-items-middle\" data-id=\"0e850e1\" data-element_type=\"section\" data-e-type=\"section\" data-settings=\"{&quot;background_background&quot;:&quot;classic&quot;}\">\n\t\t\t\t\t\t\t<div class=\"elementor-background-overlay\"><\/div>\n\t\t\t\t\t\t\t<div class=\"elementor-container elementor-column-gap-default\">\n\t\t\t\t\t<div class=\"elementor-column elementor-col-100 elementor-top-column elementor-element elementor-element-56aff09\" data-id=\"56aff09\" data-element_type=\"column\" data-e-type=\"column\">\n\t\t\t<div class=\"elementor-widget-wrap elementor-element-populated\">\n\t\t\t\t\t\t<section class=\"elementor-section elementor-inner-section elementor-element elementor-element-5b7e5c0 elementor-section-boxed elementor-section-height-default elementor-section-height-default\" data-id=\"5b7e5c0\" data-element_type=\"section\" data-e-type=\"section\" data-settings=\"{&quot;background_background&quot;:&quot;classic&quot;}\">\n\t\t\t\t\t\t<div class=\"elementor-container elementor-column-gap-no\">\n\t\t\t\t\t<div class=\"elementor-column elementor-col-33 elementor-inner-column elementor-element elementor-element-e5b301d\" data-id=\"e5b301d\" data-element_type=\"column\" data-e-type=\"column\">\n\t\t\t<div class=\"elementor-widget-wrap\">\n\t\t\t\t\t\t\t<\/div>\n\t\t<\/div>\n\t\t\t\t<div class=\"elementor-column elementor-col-33 elementor-inner-column elementor-element elementor-element-489be5e\" data-id=\"489be5e\" data-element_type=\"column\" data-e-type=\"column\" data-settings=\"{&quot;background_background&quot;:&quot;classic&quot;}\">\n\t\t\t<div class=\"elementor-widget-wrap elementor-element-populated\">\n\t\t\t\t\t\t<div class=\"elementor-element elementor-element-839d2c5 elementor-invisible elementor-widget elementor-widget-heading\" data-id=\"839d2c5\" data-element_type=\"widget\" data-e-type=\"widget\" data-settings=\"{&quot;_animation&quot;:&quot;fadeInDown&quot;}\" data-widget_type=\"heading.default\">\n\t\t\t\t<div class=\"elementor-widget-container\">\n\t\t\t\t\t<h2 class=\"elementor-heading-title elementor-size-default\">\u00dcber <span style=\"color:#F2C014\"> Geerwork <\/span> <\/h2>\t\t\t\t<\/div>\n\t\t\t\t<\/div>\n\t\t\t\t\t<\/div>\n\t\t<\/div>\n\t\t\t\t<div class=\"elementor-column elementor-col-33 elementor-inner-column elementor-element elementor-element-4103ee9\" data-id=\"4103ee9\" data-element_type=\"column\" data-e-type=\"column\">\n\t\t\t<div class=\"elementor-widget-wrap\">\n\t\t\t\t\t\t\t<\/div>\n\t\t<\/div>\n\t\t\t\t\t<\/div>\n\t\t<\/section>\n\t\t\t\t\t<\/div>\n\t\t<\/div>\n\t\t\t\t\t<\/div>\n\t\t<\/section>\n\t\t\t\t<section class=\"elementor-section elementor-top-section elementor-element elementor-element-d6d77da elementor-reverse-mobile elementor-section-boxed elementor-section-height-default elementor-section-height-default\" data-id=\"d6d77da\" data-element_type=\"section\" data-e-type=\"section\" data-settings=\"{&quot;background_background&quot;:&quot;classic&quot;}\">\n\t\t\t\t\t\t<div class=\"elementor-container elementor-column-gap-default\">\n\t\t\t\t\t<div class=\"elementor-column elementor-col-50 elementor-top-column elementor-element elementor-element-c363545\" data-id=\"c363545\" data-element_type=\"column\" data-e-type=\"column\">\n\t\t\t<div class=\"elementor-widget-wrap elementor-element-populated\">\n\t\t\t\t\t\t<div class=\"elementor-element elementor-element-0c4fee3 elementor-widget elementor-widget-image\" data-id=\"0c4fee3\" data-element_type=\"widget\" data-e-type=\"widget\" data-widget_type=\"image.default\">\n\t\t\t\t<div class=\"elementor-widget-container\">\n\t\t\t\t\t\t\t\t\t\t\t\t\t\t\t<img fetchpriority=\"high\" decoding=\"async\" width=\"768\" height=\"768\" src=\"https:\/\/geerwork.com\/wp-content\/uploads\/2024\/12\/\u948c\u94f1\u7535\u6781-01.jpg\" class=\"attachment-medium_large size-medium_large wp-image-52\" alt=\"\" \/>\t\t\t\t\t\t\t\t\t\t\t\t\t\t\t<\/div>\n\t\t\t\t<\/div>\n\t\t\t\t<div class=\"elementor-element elementor-element-eba10a4 elementor-widget elementor-widget-image\" data-id=\"eba10a4\" data-element_type=\"widget\" data-e-type=\"widget\" data-widget_type=\"image.default\">\n\t\t\t\t<div class=\"elementor-widget-container\">\n\t\t\t\t\t\t\t\t\t\t\t\t\t\t\t<img decoding=\"async\" width=\"495\" height=\"400\" src=\"https:\/\/geerwork.com\/wp-content\/uploads\/2024\/12\/Ruthenium-Iridium-Coated-Titanium-Electrode-Assembly-495x400-1.jpg\" class=\"attachment-large size-large wp-image-53\" alt=\"\" \/>\t\t\t\t\t\t\t\t\t\t\t\t\t\t\t<\/div>\n\t\t\t\t<\/div>\n\t\t\t\t\t<\/div>\n\t\t<\/div>\n\t\t\t\t<div class=\"elementor-column elementor-col-50 elementor-top-column elementor-element elementor-element-3c9181b\" data-id=\"3c9181b\" data-element_type=\"column\" data-e-type=\"column\">\n\t\t\t<div class=\"elementor-widget-wrap elementor-element-populated\">\n\t\t\t\t\t\t<div class=\"elementor-element elementor-element-33de8bc elementor-widget elementor-widget-heading\" data-id=\"33de8bc\" data-element_type=\"widget\" data-e-type=\"widget\" data-widget_type=\"heading.default\">\n\t\t\t\t<div class=\"elementor-widget-container\">\n\t\t\t\t\t<h2 class=\"elementor-heading-title elementor-size-default\">\u00dcber uns<\/h2>\t\t\t\t<\/div>\n\t\t\t\t<\/div>\n\t\t\t\t<div class=\"elementor-element elementor-element-03e3141 elementor-widget elementor-widget-heading\" data-id=\"03e3141\" data-element_type=\"widget\" data-e-type=\"widget\" data-widget_type=\"heading.default\">\n\t\t\t\t<div class=\"elementor-widget-container\">\n\t\t\t\t\t<h2 class=\"elementor-heading-title elementor-size-default\"><span style=\"color:#F2C014\"> Elektrochemisch <\/span> Industrie\n\n<\/h2>\t\t\t\t<\/div>\n\t\t\t\t<\/div>\n\t\t\t\t<div class=\"elementor-element elementor-element-773c648 elementor-widget-divider--view-line elementor-widget elementor-widget-divider\" data-id=\"773c648\" data-element_type=\"widget\" data-e-type=\"widget\" data-widget_type=\"divider.default\">\n\t\t\t\t<div class=\"elementor-widget-container\">\n\t\t\t\t\t\t\t<div class=\"elementor-divider\">\n\t\t\t<span class=\"elementor-divider-separator\">\n\t\t\t\t\t\t<\/span>\n\t\t<\/div>\n\t\t\t\t\t\t<\/div>\n\t\t\t\t<\/div>\n\t\t\t\t<div class=\"elementor-element elementor-element-830c6a3 elementor-widget elementor-widget-heading\" data-id=\"830c6a3\" data-element_type=\"widget\" data-e-type=\"widget\" data-widget_type=\"heading.default\">\n\t\t\t\t<div class=\"elementor-widget-container\">\n\t\t\t\t\t<h2 class=\"elementor-heading-title elementor-size-default\">Wir sind der f\u00fchrende Anbieter in China<\/h2>\t\t\t\t<\/div>\n\t\t\t\t<\/div>\n\t\t\t\t<div class=\"elementor-element elementor-element-ae4f85b elementor-widget elementor-widget-heading\" data-id=\"ae4f85b\" data-element_type=\"widget\" data-e-type=\"widget\" data-widget_type=\"heading.default\">\n\t\t\t\t<div class=\"elementor-widget-container\">\n\t\t\t\t\t<p class=\"elementor-heading-title elementor-size-default\">GEERWORK METAL MATERIALS ist ein Lieferant von Titanelektroden, deren Produkte in der chemischen Industrie, der Metallurgie, der Erd\u00f6lindustrie, der Textilmedizin, dem Umweltschutz, dem Sport, der Schifffahrt und anderen Bereichen usw. weit verbreitet sind.\n\n<br><br>\n\nDie wichtigsten Produkte sind Ruthenium-, Iridium-, Platin- und andere Titananoden auf Titanbasis. Nach mehr als 20 Jahren der Entwicklung hat das Unternehmen reiche Erfahrungen in der Herstellung von Titananoden gesammelt und verf\u00fcgt \u00fcber die neueste Produktionstechnologie. Die mit dieser Technologie hergestellten Titananoden haben eine st\u00e4rkere Metallbindung, k\u00f6nnen eine h\u00f6here Stromdichte tragen und die Stromeffizienz verbessern.<\/p>\t\t\t\t<\/div>\n\t\t\t\t<\/div>\n\t\t\t\t\t<\/div>\n\t\t<\/div>\n\t\t\t\t\t<\/div>\n\t\t<\/section>\n\t\t\t\t<section class=\"elementor-section elementor-top-section elementor-element elementor-element-63090ab elementor-section-boxed elementor-section-height-default elementor-section-height-default\" data-id=\"63090ab\" data-element_type=\"section\" data-e-type=\"section\">\n\t\t\t\t\t\t<div class=\"elementor-container elementor-column-gap-default\">\n\t\t\t\t\t<div class=\"elementor-column elementor-col-100 elementor-top-column elementor-element elementor-element-4e69222\" data-id=\"4e69222\" data-element_type=\"column\" data-e-type=\"column\">\n\t\t\t<div class=\"elementor-widget-wrap elementor-element-populated\">\n\t\t\t\t\t\t<div class=\"elementor-element elementor-element-d5deda8 elementor-widget elementor-widget-heading\" data-id=\"d5deda8\" data-element_type=\"widget\" data-e-type=\"widget\" data-widget_type=\"heading.default\">\n\t\t\t\t<div class=\"elementor-widget-container\">\n\t\t\t\t\t<p class=\"elementor-heading-title elementor-size-default\">Als f\u00fchrender Anbieter von Titanelektroden hat Geerwork in den letzten f\u00fcnf Jahren ein schnelles Wachstum auf dem Markt erlebt. Als ISO9001-zertifiziertes und staatlich anerkanntes \"High-Tech-Unternehmen\" investieren wir weiterhin in die Forschung und Entwicklung von Titanelektrodenprodukten f\u00fcr die Wasseraufbereitung.\nDerzeit werden unsere Produkte in die Vereinigten Staaten, Gro\u00dfbritannien, Deutschland, Australien, S\u00fcdafrika, Spanien, Brasilien, Mexiko, Thailand, Malaysia und andere mehr als 50 L\u00e4nder und Regionen verkauft. \n\n<br><br>\n\nWir glauben, dass nur ein hohes Ma\u00df an Engagement von ganzem Herzen, sowie die unerm\u00fcdliche Verfolgung von High-Performance-Produkte, um zu erreichen und erf\u00fcllen die Qualit\u00e4t und die Anforderungen der Kunden. Mit einem strengen Qualit\u00e4tssicherungssystem haben unsere Produkte erhebliche M\u00e4ngel von weniger als 0,1%. Bislang k\u00f6nnen unsere Produkte von NSF, Rohs zertifiziert werden.\" \"Werte schaffen, Unendlichkeit zeigen\", Geerwork wird sich weiterhin auf den Bereich der Titanelektroden konzentrieren, auf vergangenen Erfolgen aufbauen und danach streben, ein erstklassiger Lieferant von Titanelektroden zu werden.\n\n<br><br>\n\nWir k\u00f6nnen Tausende von Einzelprodukten anbieten. Es ist diese Breite und Vielfalt an Produkten, die uns als einen der weltweit gr\u00f6\u00dften Lieferanten f\u00fcr technische Materialien auszeichnet.<\/p>\t\t\t\t<\/div>\n\t\t\t\t<\/div>\n\t\t\t\t\t<\/div>\n\t\t<\/div>\n\t\t\t\t\t<\/div>\n\t\t<\/section>\n\t\t\t\t<section class=\"elementor-section elementor-top-section elementor-element elementor-element-4386f5d elementor-section-boxed elementor-section-height-default elementor-section-height-default\" data-id=\"4386f5d\" data-element_type=\"section\" data-e-type=\"section\" data-settings=\"{&quot;background_background&quot;:&quot;classic&quot;}\">\n\t\t\t\t\t\t<div class=\"elementor-container elementor-column-gap-default\">\n\t\t\t\t\t<div class=\"elementor-column elementor-col-100 elementor-top-column elementor-element elementor-element-95b0e3b\" data-id=\"95b0e3b\" data-element_type=\"column\" data-e-type=\"column\">\n\t\t\t<div class=\"elementor-widget-wrap elementor-element-populated\">\n\t\t\t\t\t\t<div class=\"elementor-element elementor-element-9dcfda9 elementor-widget elementor-widget-heading\" data-id=\"9dcfda9\" data-element_type=\"widget\" data-e-type=\"widget\" data-widget_type=\"heading.default\">\n\t\t\t\t<div class=\"elementor-widget-container\">\n\t\t\t\t\t<h2 class=\"elementor-heading-title elementor-size-default\">Unser Kern  <span style=\"color:#F2C014\"> Zust\u00e4ndigkeiten <\/span>\n\n<\/h2>\t\t\t\t<\/div>\n\t\t\t\t<\/div>\n\t\t\t\t<div class=\"elementor-element elementor-element-169e703 elementor-widget-divider--view-line elementor-widget elementor-widget-divider\" data-id=\"169e703\" data-element_type=\"widget\" data-e-type=\"widget\" data-widget_type=\"divider.default\">\n\t\t\t\t<div class=\"elementor-widget-container\">\n\t\t\t\t\t\t\t<div class=\"elementor-divider\">\n\t\t\t<span class=\"elementor-divider-separator\">\n\t\t\t\t\t\t<\/span>\n\t\t<\/div>\n\t\t\t\t\t\t<\/div>\n\t\t\t\t<\/div>\n\t\t\t\t<section class=\"elementor-section elementor-inner-section elementor-element elementor-element-82c48a1 elementor-section-boxed elementor-section-height-default elementor-section-height-default\" data-id=\"82c48a1\" data-element_type=\"section\" data-e-type=\"section\">\n\t\t\t\t\t\t<div class=\"elementor-container elementor-column-gap-default\">\n\t\t\t\t\t<div class=\"elementor-column elementor-col-33 elementor-inner-column elementor-element elementor-element-49f981b\" data-id=\"49f981b\" data-element_type=\"column\" data-e-type=\"column\">\n\t\t\t<div class=\"elementor-widget-wrap elementor-element-populated\">\n\t\t\t\t\t\t<div class=\"elementor-element elementor-element-006021f elementor-widget elementor-widget-image-box\" data-id=\"006021f\" data-element_type=\"widget\" data-e-type=\"widget\" data-widget_type=\"image-box.default\">\n\t\t\t\t<div class=\"elementor-widget-container\">\n\t\t\t\t\t<div class=\"elementor-image-box-wrapper\"><div class=\"elementor-image-box-content\"><h3 class=\"elementor-image-box-title\">Die meisten <span style=\"color:#F2C014\">Konkurrenzf\u00e4hige Preise<\/span><\/h3><p class=\"elementor-image-box-description\">Bei GeerWork erhalten Sie die von Ihnen gew\u00fcnschten Produkte zu den g\u00fcnstigsten Preisen. Wir haben perfekte SCM- (Supply Chain Management) und LP- (Lean Production) Systeme eingef\u00fchrt, um die Kosten zu senken. Wir streben stets eine hocheffiziente Massenproduktion und ein wissenschaftliches Management an. Daher sind wir in der Lage, Ihnen die h\u00f6chste Produktqualit\u00e4t zu den niedrigsten Preisen zu gew\u00e4hrleisten.<\/p><\/div><\/div>\t\t\t\t<\/div>\n\t\t\t\t<\/div>\n\t\t\t\t\t<\/div>\n\t\t<\/div>\n\t\t\t\t<div class=\"elementor-column elementor-col-33 elementor-inner-column elementor-element elementor-element-cb0e132\" data-id=\"cb0e132\" data-element_type=\"column\" data-e-type=\"column\">\n\t\t\t<div class=\"elementor-widget-wrap elementor-element-populated\">\n\t\t\t\t\t\t<div class=\"elementor-element elementor-element-106683b elementor-widget elementor-widget-image-box\" data-id=\"106683b\" data-element_type=\"widget\" data-e-type=\"widget\" data-widget_type=\"image-box.default\">\n\t\t\t\t<div class=\"elementor-widget-container\">\n\t\t\t\t\t<div class=\"elementor-image-box-wrapper\"><div class=\"elementor-image-box-content\"><h3 class=\"elementor-image-box-title\"><span style=\"color:#F2C014\">Produktion<\/span> Leitung<\/h3><p class=\"elementor-image-box-description\">GeerWork ist mit einem kompletten Satz von Produktions- und Verarbeitungsanlagen ausgestattet: Produktionsanlagen wie Kalt-Isostatisches Pressen (CIP), Hei\u00df-Isostatisches Pressen (HIP), Vakuum-Induktions-Schmelz\u00f6fen, Vakuum-Sinter\u00f6fen, Vakuum-Destillations\u00f6fen, Vakuum-Hei\u00dfpress\u00f6fen, Hochtemperatur-Sinter\u00f6fen und andere \u00d6fen f\u00fcr die Herstellung verschiedener Metalle. Kaltverformungsmaschinen, Vakuumentw\u00e4sserungsanlagen, Drehmaschinen, Schleifmaschinen, Drahtschneidemaschinen und andere Ausr\u00fcstungen f\u00fcr die Formung und Bearbeitung von Materialien.<\/p><\/div><\/div>\t\t\t\t<\/div>\n\t\t\t\t<\/div>\n\t\t\t\t\t<\/div>\n\t\t<\/div>\n\t\t\t\t<div class=\"elementor-column elementor-col-33 elementor-inner-column elementor-element elementor-element-04fca26\" data-id=\"04fca26\" data-element_type=\"column\" data-e-type=\"column\">\n\t\t\t<div class=\"elementor-widget-wrap elementor-element-populated\">\n\t\t\t\t\t\t<div class=\"elementor-element elementor-element-fe1cea4 elementor-widget elementor-widget-image-box\" data-id=\"fe1cea4\" data-element_type=\"widget\" data-e-type=\"widget\" data-widget_type=\"image-box.default\">\n\t\t\t\t<div class=\"elementor-widget-container\">\n\t\t\t\t\t<div class=\"elementor-image-box-wrapper\"><div class=\"elementor-image-box-content\"><h3 class=\"elementor-image-box-title\"><span style=\"color:#F2C014\">Qualit\u00e4t <\/span>Kontrolle <\/h3><p class=\"elementor-image-box-description\">Wir verf\u00fcgen \u00fcber ein strenges Qualit\u00e4tskontrollsystem und wenden w\u00e4hrend des Herstellungsprozesses verschiedene Instrumente und Methoden an, darunter Ger\u00e4te zur Pr\u00fcfung chemischer Elemente, mechanische Pr\u00fcfger\u00e4te, manuelle Ultraschallpr\u00fcfger\u00e4te\/Hydrodruckpr\u00fcfmaschinen\/Bohrungsmessger\u00e4te\/Wirbelstrompr\u00fcfger\u00e4te\/H\u00e4rtepr\u00fcfger\u00e4te\/Messger\u00e4te und andere, die sicherstellen, dass jeder Schritt perfekt ausgef\u00fchrt wurde.\nGeerWork liefert Produkte in \u00dcbereinstimmung mit ASTM, ASME, MIL, AMS, DMS, AWS und JIS Spezifikationen.<\/p><\/div><\/div>\t\t\t\t<\/div>\n\t\t\t\t<\/div>\n\t\t\t\t\t<\/div>\n\t\t<\/div>\n\t\t\t\t\t<\/div>\n\t\t<\/section>\n\t\t\t\t\t<\/div>\n\t\t<\/div>\n\t\t\t\t\t<\/div>\n\t\t<\/section>\n\t\t\t\t<\/div>","protected":false},"excerpt":{"rendered":"<p>About Geerwork About Us Electrochemical Industry We are the China\u2019s leading supplier GEERWORK METAL MATERIALS is a titanium electrode supplier, [&hellip;]<\/p>\n","protected":false},"author":1,"featured_media":0,"parent":0,"menu_order":0,"comment_status":"closed","ping_status":"closed","template":"","meta":{"_monsterinsights_skip_tracking":false,"_monsterinsights_sitenote_active":false,"_monsterinsights_sitenote_note":"","_monsterinsights_sitenote_category":0,"site-sidebar-layout":"no-sidebar","site-content-layout":"","ast-site-content-layout":"full-width-container","site-content-style":"default","site-sidebar-style":"default","ast-global-header-display":"","ast-banner-title-visibility":"","ast-main-header-display":"","ast-hfb-above-header-display":"","ast-hfb-below-header-display":"","ast-hfb-mobile-header-display":"","site-post-title":"disabled","ast-breadcrumbs-content":"","ast-featured-img":"disabled","footer-sml-layout":"","theme-transparent-header-meta":"","adv-header-id-meta":"","stick-header-meta":"","header-above-stick-meta":"","header-main-stick-meta":"","header-below-stick-meta":"","astra-migrate-meta-layouts":"default","ast-page-background-enabled":"default","ast-page-background-meta":{"desktop":{"background-color":"var(--ast-global-color-4)","background-image":"","background-repeat":"repeat","background-position":"center center","background-size":"auto","background-attachment":"scroll","background-type":"","background-media":"","overlay-type":"","overlay-color":"","overlay-opacity":"","overlay-gradient":""},"tablet":{"background-color":"","background-image":"","background-repeat":"repeat","background-position":"center center","background-size":"auto","background-attachment":"scroll","background-type":"","background-media":"","overlay-type":"","overlay-color":"","overlay-opacity":"","overlay-gradient":""},"mobile":{"background-color":"","background-image":"","background-repeat":"repeat","background-position":"center center","background-size":"auto","background-attachment":"scroll","background-type":"","background-media":"","overlay-type":"","overlay-color":"","overlay-opacity":"","overlay-gradient":""}},"ast-content-background-meta":{"desktop":{"background-color":"var(--ast-global-color-5)","background-image":"","background-repeat":"repeat","background-position":"center center","background-size":"auto","background-attachment":"scroll","background-type":"","background-media":"","overlay-type":"","overlay-color":"","overlay-opacity":"","overlay-gradient":""},"tablet":{"background-color":"var(--ast-global-color-5)","background-image":"","background-repeat":"repeat","background-position":"center center","background-size":"auto","background-attachment":"scroll","background-type":"","background-media":"","overlay-type":"","overlay-color":"","overlay-opacity":"","overlay-gradient":""},"mobile":{"background-color":"var(--ast-global-color-5)","background-image":"","background-repeat":"repeat","background-position":"center center","background-size":"auto","background-attachment":"scroll","background-type":"","background-media":"","overlay-type":"","overlay-color":"","overlay-opacity":"","overlay-gradient":""}},"footnotes":""},"class_list":["post-110","page","type-page","status-publish","hentry"],"_links":{"self":[{"href":"https:\/\/geerwork.com\/de\/wp-json\/wp\/v2\/pages\/110","targetHints":{"allow":["GET"]}}],"collection":[{"href":"https:\/\/geerwork.com\/de\/wp-json\/wp\/v2\/pages"}],"about":[{"href":"https:\/\/geerwork.com\/de\/wp-json\/wp\/v2\/types\/page"}],"author":[{"embeddable":true,"href":"https:\/\/geerwork.com\/de\/wp-json\/wp\/v2\/users\/1"}],"replies":[{"embeddable":true,"href":"https:\/\/geerwork.com\/de\/wp-json\/wp\/v2\/comments?post=110"}],"version-history":[{"count":26,"href":"https:\/\/geerwork.com\/de\/wp-json\/wp\/v2\/pages\/110\/revisions"}],"predecessor-version":[{"id":1178,"href":"https:\/\/geerwork.com\/de\/wp-json\/wp\/v2\/pages\/110\/revisions\/1178"}],"wp:attachment":[{"href":"https:\/\/geerwork.com\/de\/wp-json\/wp\/v2\/media?parent=110"}],"curies":[{"name":"wp","href":"https:\/\/api.w.org\/{rel}","templated":true}]}}